{"id":1412,"date":"2024-01-25T14:58:09","date_gmt":"2024-01-25T13:58:09","guid":{"rendered":"https:\/\/conswolfsburg.esteri.it\/italia-e-germania\/diplomazia-culturale\/lingua-e-cultura-italiana\/bildungsurlaub\/"},"modified":"2026-01-29T17:30:42","modified_gmt":"2026-01-29T16:30:42","slug":"bildungsurlaub","status":"publish","type":"page","link":"https:\/\/conswolfsburg.esteri.it\/de\/italia-e-germania\/diplomazia-culturale\/lingua-e-cultura-italiana\/bildungsurlaub\/","title":{"rendered":"Bildungsurlaub"},"content":{"rendered":"<p>Zu Beginn des Sommersemesters findet vom 16. bis zum 20. Februar 2026 ein einw\u00f6chiger Intensivkurs Italienisch f\u00fcr Anf\u00e4nger ohne Vorkenntnisse als anerkannter Bildungsurlaub statt, dieser Kurs umfasst 32 Unterrichtsstunden.<\/p>\n<ul>\n<li><a href=\"https:\/\/conswolfsburg.esteri.it\/wp-content\/uploads\/2026\/01\/BU-Veranstaltungsprogramm-Lernziele2026.pdf\" target=\"_blank\" rel=\"noopener\">Bildungsurlaub &#8211; Programm und Lernziele<\/a><\/li>\n<li><a href=\"https:\/\/conswolfsburg.esteri.it\/wp-content\/uploads\/2026\/01\/Flyer-A4-Februar-BU-2026.pdf\" target=\"_blank\" rel=\"noopener\">Flyer Bildungsurlaub Februar 2026<\/a><\/li>\n<li><a href=\"https:\/\/conswolfsburg.esteri.it\/wp-content\/uploads\/2026\/01\/Anmeldeformular_Sommer_2026.pdf\" target=\"_blank\" rel=\"noopener\">Anmeldeformular Bildungsurlaub<\/a><\/li>\n<\/ul>\n","protected":false},"excerpt":{"rendered":"Zu Beginn des Sommersemesters findet vom 16. bis zum 20. Februar 2026 ein einw\u00f6chiger Intensivkurs Italienisch f\u00fcr Anf\u00e4nger ohne Vorkenntnisse als anerkannter Bildungsurlaub statt, dieser Kurs umfasst 32 Unterrichtsstunden. Bildungsurlaub &#8211; Programm und Lernziele Flyer Bildungsurlaub Februar 2026 Anmeldeformular Bildungsurlaub","protected":false},"author":9,"featured_media":0,"parent":199,"menu_order":3,"comment_status":"closed","ping_status":"closed","template":"","meta":{"footnotes":""},"class_list":["post-1412","page","type-page","status-publish","hentry"],"_links":{"self":[{"href":"https:\/\/conswolfsburg.esteri.it\/de\/wp-json\/wp\/v2\/pages\/1412","targetHints":{"allow":["GET"]}}],"collection":[{"href":"https:\/\/conswolfsburg.esteri.it\/de\/wp-json\/wp\/v2\/pages"}],"about":[{"href":"https:\/\/conswolfsburg.esteri.it\/de\/wp-json\/wp\/v2\/types\/page"}],"author":[{"embeddable":true,"href":"https:\/\/conswolfsburg.esteri.it\/de\/wp-json\/wp\/v2\/users\/9"}],"replies":[{"embeddable":true,"href":"https:\/\/conswolfsburg.esteri.it\/de\/wp-json\/wp\/v2\/comments?post=1412"}],"version-history":[{"count":6,"href":"https:\/\/conswolfsburg.esteri.it\/de\/wp-json\/wp\/v2\/pages\/1412\/revisions"}],"predecessor-version":[{"id":4148,"href":"https:\/\/conswolfsburg.esteri.it\/de\/wp-json\/wp\/v2\/pages\/1412\/revisions\/4148"}],"up":[{"embeddable":true,"href":"https:\/\/conswolfsburg.esteri.it\/de\/wp-json\/wp\/v2\/pages\/199"}],"wp:attachment":[{"href":"https:\/\/conswolfsburg.esteri.it\/de\/wp-json\/wp\/v2\/media?parent=1412"}],"curies":[{"name":"wp","href":"https:\/\/api.w.org\/{rel}","templated":true}]}}