{"id":144,"date":"2023-04-03T19:15:16","date_gmt":"2023-04-03T17:15:16","guid":{"rendered":"https:\/\/conswolfsburg.esteri.it\/chi-siamo\/il-console-generale\/"},"modified":"2025-11-19T14:08:46","modified_gmt":"2025-11-19T13:08:46","slug":"lagente-consolare","status":"publish","type":"page","link":"https:\/\/conswolfsburg.esteri.it\/de\/chi-siamo\/lagente-consolare\/","title":{"rendered":"Der Konsularagent"},"content":{"rendered":"<p><img loading=\"lazy\" decoding=\"async\" class=\"img-fluid alignleft wp-image-3962 size-medium\" src=\"https:\/\/conswolfsburg.esteri.it\/wp-content\/uploads\/2025\/11\/Nadia-Montagnino-234x300.jpg\" alt=\"\" width=\"234\" height=\"300\" srcset=\"https:\/\/conswolfsburg.esteri.it\/wp-content\/uploads\/2025\/11\/Nadia-Montagnino-234x300.jpg 234w, https:\/\/conswolfsburg.esteri.it\/wp-content\/uploads\/2025\/11\/Nadia-Montagnino-797x1024.jpg 797w, https:\/\/conswolfsburg.esteri.it\/wp-content\/uploads\/2025\/11\/Nadia-Montagnino-768x986.jpg 768w, https:\/\/conswolfsburg.esteri.it\/wp-content\/uploads\/2025\/11\/Nadia-Montagnino.jpg 1920w\" sizes=\"auto, (max-width: 234px) 100vw, 234px\" \/><\/p>\n<p><strong>Nadia Montagnino<\/strong> wurde am 23. August 1974 in Palermo geboren. Nach ihrem Studium der Fremdsprachen und Literatur an der Universit\u00e4t Palermo erwarb sie einen Master-Abschluss in Informatik und Kommunikation an der Universit\u00e0 degli Studi \u201eLa Statale\u201c in Mailand.<br \/>\nVor ihrem Eintritt in das Ministerium f\u00fcr Ausw\u00e4rtige Angelegenheiten und Internationale Zusammenarbeit hat sie &#8211; interessiert an Sprach- und Kommunikationswissenschaften &#8211; mehrere Jahre als \u00dcbersetzerin und als Redakteurin von Webinhalten f\u00fcr Verlagsh\u00e4user und private Unternehmen gearbeitet.<br \/>\nIn der Abteilung f\u00fcr soziale Angelegenheiten und Koordination der Konsularb\u00fcros der italienischen Botschaft in Berlin war sie von 2015 bis 2025 als Verwaltungsassistentin t\u00e4tig. Hier widmete sie sich haupts\u00e4chlich dem Beistand italienischer Staatsb\u00fcrger im Ausland und den Anliegen der italienischen Gemeinschaft in Deutschland.<br \/>\nIm Ministerium f\u00fcr Ausw\u00e4rtige Angelegenheiten und Internationale Zusammenarbeit in Rom \u00fcbernahm sie im Januar 2025 ihre Aufgaben in der Generaldirektion f\u00fcr Verwaltung und Informatik. Als Beamtin f\u00fcr Verwaltungsaufgaben, Buchhaltung und Konsularangelegenheiten hat sie sich um Personaldienstleistungen und um die Vergabe \u00f6ffentlicher Auftr\u00e4ge gek\u00fcmmert.<br \/>\nSie ist verheiratet und hat zwei Kinder.<\/p>\n<p>Seit dem 10. November 2025 leitet sie die Italienische Konsularagentur in Wolfsburg.<\/p>\n","protected":false},"excerpt":{"rendered":"Nadia Montagnino wurde am 23. August 1974 in Palermo geboren. Nach ihrem Studium der Fremdsprachen und Literatur an der Universit\u00e4t Palermo erwarb sie einen Master-Abschluss in Informatik und Kommunikation an der Universit\u00e0 degli Studi \u201eLa Statale\u201c in Mailand. Vor ihrem Eintritt in das Ministerium f\u00fcr Ausw\u00e4rtige Angelegenheiten und Internationale Zusammenarbeit hat sie &#8211; interessiert an [&hellip;]","protected":false},"author":1,"featured_media":0,"parent":131,"menu_order":0,"comment_status":"closed","ping_status":"closed","template":"","meta":{"footnotes":""},"class_list":["post-144","page","type-page","status-publish","hentry"],"_links":{"self":[{"href":"https:\/\/conswolfsburg.esteri.it\/de\/wp-json\/wp\/v2\/pages\/144","targetHints":{"allow":["GET"]}}],"collection":[{"href":"https:\/\/conswolfsburg.esteri.it\/de\/wp-json\/wp\/v2\/pages"}],"about":[{"href":"https:\/\/conswolfsburg.esteri.it\/de\/wp-json\/wp\/v2\/types\/page"}],"author":[{"embeddable":true,"href":"https:\/\/conswolfsburg.esteri.it\/de\/wp-json\/wp\/v2\/users\/1"}],"replies":[{"embeddable":true,"href":"https:\/\/conswolfsburg.esteri.it\/de\/wp-json\/wp\/v2\/comments?post=144"}],"version-history":[{"count":4,"href":"https:\/\/conswolfsburg.esteri.it\/de\/wp-json\/wp\/v2\/pages\/144\/revisions"}],"predecessor-version":[{"id":3968,"href":"https:\/\/conswolfsburg.esteri.it\/de\/wp-json\/wp\/v2\/pages\/144\/revisions\/3968"}],"up":[{"embeddable":true,"href":"https:\/\/conswolfsburg.esteri.it\/de\/wp-json\/wp\/v2\/pages\/131"}],"wp:attachment":[{"href":"https:\/\/conswolfsburg.esteri.it\/de\/wp-json\/wp\/v2\/media?parent=144"}],"curies":[{"name":"wp","href":"https:\/\/api.w.org\/{rel}","templated":true}]}}