{"id":145,"date":"2023-04-03T19:15:30","date_gmt":"2023-04-03T17:15:30","guid":{"rendered":"https:\/\/conswolfsburg.esteri.it\/chi-siamo\/la-sede\/"},"modified":"2023-05-11T10:41:31","modified_gmt":"2023-05-11T08:41:31","slug":"la-sede","status":"publish","type":"page","link":"https:\/\/conswolfsburg.esteri.it\/de\/chi-siamo\/la-sede\/","title":{"rendered":"Hauptquartier"},"content":{"rendered":"<p><img loading=\"lazy\" decoding=\"async\" class=\"img-fluid  alignleft wp-image-308 size-medium\" src=\"https:\/\/conswolfsburg.esteri.it\/wp-content\/uploads\/2023\/04\/foto-agenzia-goethestrasse-1-217x300.jpg\" alt=\"\" width=\"217\" height=\"300\" srcset=\"https:\/\/conswolfsburg.esteri.it\/wp-content\/uploads\/2023\/04\/foto-agenzia-goethestrasse-1-217x300.jpg 217w, https:\/\/conswolfsburg.esteri.it\/wp-content\/uploads\/2023\/04\/foto-agenzia-goethestrasse-1-740x1024.jpg 740w, https:\/\/conswolfsburg.esteri.it\/wp-content\/uploads\/2023\/04\/foto-agenzia-goethestrasse-1-768x1062.jpg 768w, https:\/\/conswolfsburg.esteri.it\/wp-content\/uploads\/2023\/04\/foto-agenzia-goethestrasse-1.jpg 1849w\" sizes=\"auto, (max-width: 217px) 100vw, 217px\" \/><\/p>\n<p>Die Italienische Konsularagentur befindet sich im Zentrum Wolfsburgs in der Goethestra\u00dfe 52, 10 &#8211; 15 Gehminuten vom Bahnhof entfernt. Wolfsburg befindet sich im Bundesland Niedersachsen und ist 89 km (Autobahn) von der Landeshauptstadt Hannover, 30 km von Braunschweig, 239 km von Berlin und 220 km von Hamburg entfernt. Durch die Autobahn A 39 ist Wolfsburg mit der Autobahn A 2 verbunden, die Berlin mit Dortmund sowie weiteren St\u00e4dten des Ruhrgebiets miteinander verbindet. Seit September 1998 ist die Stadt an das Europ\u00e4ische Netz der Hochgeschwindigkeitsz\u00fcge (Inter City Express) angeschlossen. Der n\u00e4chstliegende internationale Flughafen befindet sich in Hannover (indirekte Verbindung zu einigen italienischen Flugh\u00e4fen); ein weiterer Flughafen befindet sich in Braunschweig (innerdeutsche Fl\u00fcge, Charter). Die Stadt Wolfsburg liegt an zwei sich kreuzenden Kan\u00e4len (Elbe-Seitenkanal und Mittellandkanal), welche noch immer als wichtige Transportwege genutzt werden.<\/p>\n","protected":false},"excerpt":{"rendered":"Die Italienische Konsularagentur befindet sich im Zentrum Wolfsburgs in der Goethestra\u00dfe 52, 10 &#8211; 15 Gehminuten vom Bahnhof entfernt. Wolfsburg befindet sich im Bundesland Niedersachsen und ist 89 km (Autobahn) von der Landeshauptstadt Hannover, 30 km von Braunschweig, 239 km von Berlin und 220 km von Hamburg entfernt. Durch die Autobahn A 39 ist Wolfsburg [&hellip;]","protected":false},"author":1,"featured_media":0,"parent":131,"menu_order":2,"comment_status":"closed","ping_status":"closed","template":"","meta":{"footnotes":""},"class_list":["post-145","page","type-page","status-publish","hentry"],"_links":{"self":[{"href":"https:\/\/conswolfsburg.esteri.it\/de\/wp-json\/wp\/v2\/pages\/145","targetHints":{"allow":["GET"]}}],"collection":[{"href":"https:\/\/conswolfsburg.esteri.it\/de\/wp-json\/wp\/v2\/pages"}],"about":[{"href":"https:\/\/conswolfsburg.esteri.it\/de\/wp-json\/wp\/v2\/types\/page"}],"author":[{"embeddable":true,"href":"https:\/\/conswolfsburg.esteri.it\/de\/wp-json\/wp\/v2\/users\/1"}],"replies":[{"embeddable":true,"href":"https:\/\/conswolfsburg.esteri.it\/de\/wp-json\/wp\/v2\/comments?post=145"}],"version-history":[{"count":0,"href":"https:\/\/conswolfsburg.esteri.it\/de\/wp-json\/wp\/v2\/pages\/145\/revisions"}],"up":[{"embeddable":true,"href":"https:\/\/conswolfsburg.esteri.it\/de\/wp-json\/wp\/v2\/pages\/131"}],"wp:attachment":[{"href":"https:\/\/conswolfsburg.esteri.it\/de\/wp-json\/wp\/v2\/media?parent=145"}],"curies":[{"name":"wp","href":"https:\/\/api.w.org\/{rel}","templated":true}]}}