{"id":147,"date":"2023-04-03T19:16:15","date_gmt":"2023-04-03T17:16:15","guid":{"rendered":"https:\/\/conswolfsburg.esteri.it\/chi-siamo\/numeri-di-emergenza\/"},"modified":"2023-05-11T14:41:40","modified_gmt":"2023-05-11T12:41:40","slug":"numeri-di-emergenza","status":"publish","type":"page","link":"https:\/\/conswolfsburg.esteri.it\/de\/chi-siamo\/numeri-di-emergenza\/","title":{"rendered":"Notfallnummer"},"content":{"rendered":"<p><a title=\"N\u00fctzliche Informationen bei Verlust oder Diebstahl von Ausweisen\" href=\"https:\/\/conswolfsburg.esteri.it\/consolato_wolfsburg\/resource\/doc\/2021\/01\/furto_smarrimento_documento_-_deu_-_2021.pdf\" target=\"_blank\" rel=\"noopener\"><strong>N\u00fctzliche Informationen bei Verlust oder Diebstahl von Ausweisen<\/strong><\/a><\/p>\n<p><a title=\"N\u00fctzliche Kontakte Im Notfall\" href=\"https:\/\/conswolfsburg.esteri.it\/consolato_wolfsburg\/resource\/doc\/2021\/04\/numeri_di_emergenza.pdf\" target=\"_blank\" rel=\"noopener\"><strong>N\u00fctzliche Kontakte Im Notfall<\/strong><\/a><\/p>\n<p>&nbsp;<\/p>\n<p><strong>Notf\u00e4lle in Wolfsburg und in den Landkreisen Gifhorn und Helmstedt<\/strong><\/p>\n<p><strong>In begr\u00fcndeten Notf\u00e4llen<\/strong>, die nicht w\u00e4hrend der normalem \u00d6ffnungszeiten bearbeitet werden k\u00f6nnen, kann unser telefonischer Bereitschaftsdienst unter\u00a0<strong>+49.170.5216098<\/strong>\u00a0wie folgt erreicht werden:<\/p>\n<p>&#8211; Montag bis Freitag zwischen 17 und 21 Uhr<\/p>\n<p>&#8211; am Wochenende und an Feiertagen zwischen 9 und 21 Uhr<\/p>\n<p>&nbsp;<\/p>\n<p><strong>Notf\u00e4lle in anderen Zeiten<\/strong><\/p>\n<p><strong>Bei absoluten Notf\u00e4llen<\/strong>\u00a0au\u00dferhalb der \u00d6ffnungszeiten der Konsularb\u00fcros oder des Rufbereitschaftsdienstes k\u00f6nnen Sie sich an folgende Nummer in Rom wenden:<\/p>\n<p><strong>+39.06.36912666<\/strong><\/p>\n<p><strong>+39.06.36225<\/strong>.<\/p>\n<p>&nbsp;<\/p>\n<p><strong>Notf\u00e4lle in anderen Landkreisen<\/strong><\/p>\n<p>Bitte kontaktieren Sie das\u00a0<a href=\"https:\/\/ambberlino.esteri.it\/de\/chi-siamo\/la-rete-consolare\/\" target=\"_blank\" rel=\"noopener\"><strong>zust\u00e4ndige italienische Konsulat.<\/strong><\/a><\/p>\n","protected":false},"excerpt":{"rendered":"N\u00fctzliche Informationen bei Verlust oder Diebstahl von Ausweisen N\u00fctzliche Kontakte Im Notfall &nbsp; Notf\u00e4lle in Wolfsburg und in den Landkreisen Gifhorn und Helmstedt In begr\u00fcndeten Notf\u00e4llen, die nicht w\u00e4hrend der normalem \u00d6ffnungszeiten bearbeitet werden k\u00f6nnen, kann unser telefonischer Bereitschaftsdienst unter\u00a0+49.170.5216098\u00a0wie folgt erreicht werden: &#8211; Montag bis Freitag zwischen 17 und 21 Uhr &#8211; am Wochenende [&hellip;]","protected":false},"author":1,"featured_media":0,"parent":131,"menu_order":10,"comment_status":"closed","ping_status":"closed","template":"","meta":{"footnotes":""},"class_list":["post-147","page","type-page","status-publish","hentry"],"_links":{"self":[{"href":"https:\/\/conswolfsburg.esteri.it\/de\/wp-json\/wp\/v2\/pages\/147","targetHints":{"allow":["GET"]}}],"collection":[{"href":"https:\/\/conswolfsburg.esteri.it\/de\/wp-json\/wp\/v2\/pages"}],"about":[{"href":"https:\/\/conswolfsburg.esteri.it\/de\/wp-json\/wp\/v2\/types\/page"}],"author":[{"embeddable":true,"href":"https:\/\/conswolfsburg.esteri.it\/de\/wp-json\/wp\/v2\/users\/1"}],"replies":[{"embeddable":true,"href":"https:\/\/conswolfsburg.esteri.it\/de\/wp-json\/wp\/v2\/comments?post=147"}],"version-history":[{"count":0,"href":"https:\/\/conswolfsburg.esteri.it\/de\/wp-json\/wp\/v2\/pages\/147\/revisions"}],"up":[{"embeddable":true,"href":"https:\/\/conswolfsburg.esteri.it\/de\/wp-json\/wp\/v2\/pages\/131"}],"wp:attachment":[{"href":"https:\/\/conswolfsburg.esteri.it\/de\/wp-json\/wp\/v2\/media?parent=147"}],"curies":[{"name":"wp","href":"https:\/\/api.w.org\/{rel}","templated":true}]}}