{"id":199,"date":"2023-04-03T19:26:56","date_gmt":"2023-04-03T17:26:56","guid":{"rendered":"https:\/\/conswolfsburg.esteri.it\/italia-e-germania\/diplomazia-culturale\/lingua-e-cultura-italiana\/"},"modified":"2023-04-24T11:29:57","modified_gmt":"2023-04-24T09:29:57","slug":"lingua-e-cultura-italiana","status":"publish","type":"page","link":"https:\/\/conswolfsburg.esteri.it\/de\/italia-e-germania\/diplomazia-culturale\/lingua-e-cultura-italiana\/","title":{"rendered":"Italienische Sprache und Kultur"},"content":{"rendered":"<p>Die Italienische Konsularagentur f\u00f6rdert und vermittelt die italienische Kultur in Wolfsburg um den kulturellen Austausch zwischen Deutschland und Italien zu st\u00e4rken und auszuweiten. Durch eine gro\u00dfe Bandbreite von Veranstaltungen werden Ihnen die wichtigsten Aspekte zeitgen\u00f6ssischer italienischen Kultur pr\u00e4sentiert.<\/p>\n<p>F\u00fcr weitere Informationen k\u00f6nnen Sie uns kontaktieren:<\/p>\n<p>E-Mail:\u00a0<a href=\"mailto:wolfsburg.culturale@esteri.it\">wolfsburg.culturale@esteri.it<\/a><\/p>\n<p>Tel.: 05361 60094 11<\/p>\n","protected":false},"excerpt":{"rendered":"Die Italienische Konsularagentur f\u00f6rdert und vermittelt die italienische Kultur in Wolfsburg um den kulturellen Austausch zwischen Deutschland und Italien zu st\u00e4rken und auszuweiten. Durch eine gro\u00dfe Bandbreite von Veranstaltungen werden Ihnen die wichtigsten Aspekte zeitgen\u00f6ssischer italienischen Kultur pr\u00e4sentiert. F\u00fcr weitere Informationen k\u00f6nnen Sie uns kontaktieren: E-Mail:\u00a0wolfsburg.culturale@esteri.it Tel.: 05361 60094 11","protected":false},"author":1,"featured_media":0,"parent":149,"menu_order":2,"comment_status":"closed","ping_status":"closed","template":"","meta":{"footnotes":""},"class_list":["post-199","page","type-page","status-publish","hentry"],"_links":{"self":[{"href":"https:\/\/conswolfsburg.esteri.it\/de\/wp-json\/wp\/v2\/pages\/199","targetHints":{"allow":["GET"]}}],"collection":[{"href":"https:\/\/conswolfsburg.esteri.it\/de\/wp-json\/wp\/v2\/pages"}],"about":[{"href":"https:\/\/conswolfsburg.esteri.it\/de\/wp-json\/wp\/v2\/types\/page"}],"author":[{"embeddable":true,"href":"https:\/\/conswolfsburg.esteri.it\/de\/wp-json\/wp\/v2\/users\/1"}],"replies":[{"embeddable":true,"href":"https:\/\/conswolfsburg.esteri.it\/de\/wp-json\/wp\/v2\/comments?post=199"}],"version-history":[{"count":0,"href":"https:\/\/conswolfsburg.esteri.it\/de\/wp-json\/wp\/v2\/pages\/199\/revisions"}],"up":[{"embeddable":true,"href":"https:\/\/conswolfsburg.esteri.it\/de\/wp-json\/wp\/v2\/pages\/149"}],"wp:attachment":[{"href":"https:\/\/conswolfsburg.esteri.it\/de\/wp-json\/wp\/v2\/media?parent=199"}],"curies":[{"name":"wp","href":"https:\/\/api.w.org\/{rel}","templated":true}]}}