{"id":202,"date":"2023-04-03T19:28:33","date_gmt":"2023-04-03T17:28:33","guid":{"rendered":"https:\/\/conswolfsburg.esteri.it\/servizi-consolari-e-visti\/servizi-per-il-cittadino-italiano\/emergency-travel-documents-etd\/"},"modified":"2023-07-31T15:48:14","modified_gmt":"2023-07-31T13:48:14","slug":"emergency-travel-documents-etd","status":"publish","type":"page","link":"https:\/\/conswolfsburg.esteri.it\/de\/servizi-consolari-e-visti\/servizi-per-il-cittadino-italiano\/emergency-travel-documents-etd\/","title":{"rendered":"Emergency Travel Documents (ETD)"},"content":{"rendered":"<p>Das <strong>ETD<\/strong> (<em>Emergency Travel Document<\/em>) ist ein Notfallreisedokument, das in den europ\u00e4ischen Rechtsvorschriften (Beschluss der Vertreter der Regierungen der Mitgliedstaaten vom 25. Juni 1996 (96\/409 \/ GASP)) ausdr\u00fccklich vorgesehen ist und im Falle eines Diebstahls oder Verlusts oder in jedem Fall des Fehlens eines g\u00fcltigen Personalausweises oder Reisedokuments <strong>nur f\u00fcr die R\u00fcckkehr nach Italien oder an den Ort des regul\u00e4ren Wohnsitzes und nur f\u00fcr die Zeit ausgestellt wird, die unbedingt erforderlich ist, um das Ziel zu erreichen.<\/strong><\/p>\n<p>Die Identit\u00e4t des Antragstellers muss durch Fotokopien des verlorenen oder gestohlenen Ausweisdokuments oder durch andere Dokumente, die personenbezogene Daten, Fotos und Unterschriften enthalten (z. B. ein abgelaufener Personalausweis oder F\u00fchrerschein) oder wiederum durch <strong>eine eidesstattliche Aussage<\/strong> von mindestens 1 vollj\u00e4hrigen italienischen Staatsb\u00fcrgers mit einem g\u00fcltigen Ausweisdokument nachgewiesen werden. Wenn es nicht m\u00f6glich ist, die Identit\u00e4t des Antragstellers auf die oben beschriebene Weise nachzuweisen, muss die konsularische Vertretung eine Best\u00e4tigung der personenbezogenen Daten von der italienischen Wohnsitzgemeinde anfordern (was die Ausstellungsfrist der ETD erheblich verl\u00e4ngern kann).<\/p>\n<p>Im Falle der Ausstellung einer ETD an Minderj\u00e4hrige muss der Antrag von den Eltern oder in jedem Fall von den Tr\u00e4gern des Sorgerechts gestellt werden (pers\u00f6nlich oder durch eine besondere Erkl\u00e4rung, die per Fax oder E-Mail mit einer Kopie eines Ausweisdokuments gesendet wird). In bestimmten F\u00e4llen (z. B. Minderj\u00e4hriger auf Klassenfahrt in Begleitung von Lehrern die in die Liste der begleiteten Sch\u00fcler eingetragen sind) kann der Antrag auch von einer anderen Person als den Eltern (im betreffenden Beispiel von der Lehrkraft) gestellt werden.<\/p>\n<p>Die ETD wird in der Regel <a href=\"https:\/\/conswolfsburg.esteri.it\/de\/chi-siamo\/\">w\u00e4hrend der \u00d6ffnungszeiten der Konsularagentur ausgestellt<\/a>. F\u00fcr die Ausstellung des Dokuments ben\u00f6tigen Sie <strong>2 Passfotos und 1,55 \u20ac in bar<\/strong>. In <span style=\"text-decoration: underline;\">absoluten und nachgewiesenen Notf\u00e4llen<\/span> kann es auch au\u00dferhalb der \u00d6ffnungszeiten ausgestellt werden, <strong>vorbehaltlich der Zahlung von Notrechten in H\u00f6he von 50,00 \u20ac.<\/strong><\/p>\n<p>Bitte beachten Sie, dass es in einigen F\u00e4llen m\u00f6glich ist, auch ohne Ausweisdokument zu reisen, z. B. durch Vorlage der Anzeige des Diebstahls oder Verlusts des Dokuments zusammen mit einer Fotokopie desselben. Dar\u00fcber hinaus k\u00f6nnen Sie in vielen F\u00e4llen, wenn Sie eine Fotokopie des Dokuments haben und nachdem Sie Diebstahl oder Verlust bei den \u00f6rtlichen Polizeibeh\u00f6rden gemeldet haben, bei der deutschen Bundespolizei die Ausstellung eines Notreiseausweises beantragen.<\/p>\n","protected":false},"excerpt":{"rendered":"Das ETD (Emergency Travel Document) ist ein Notfallreisedokument, das in den europ\u00e4ischen Rechtsvorschriften (Beschluss der Vertreter der Regierungen der Mitgliedstaaten vom 25. Juni 1996 (96\/409 \/ GASP)) ausdr\u00fccklich vorgesehen ist und im Falle eines Diebstahls oder Verlusts oder in jedem Fall des Fehlens eines g\u00fcltigen Personalausweises oder Reisedokuments nur f\u00fcr die R\u00fcckkehr nach Italien oder [&hellip;]","protected":false},"author":1,"featured_media":0,"parent":152,"menu_order":2,"comment_status":"closed","ping_status":"closed","template":"","meta":{"footnotes":""},"class_list":["post-202","page","type-page","status-publish","hentry"],"_links":{"self":[{"href":"https:\/\/conswolfsburg.esteri.it\/de\/wp-json\/wp\/v2\/pages\/202","targetHints":{"allow":["GET"]}}],"collection":[{"href":"https:\/\/conswolfsburg.esteri.it\/de\/wp-json\/wp\/v2\/pages"}],"about":[{"href":"https:\/\/conswolfsburg.esteri.it\/de\/wp-json\/wp\/v2\/types\/page"}],"author":[{"embeddable":true,"href":"https:\/\/conswolfsburg.esteri.it\/de\/wp-json\/wp\/v2\/users\/1"}],"replies":[{"embeddable":true,"href":"https:\/\/conswolfsburg.esteri.it\/de\/wp-json\/wp\/v2\/comments?post=202"}],"version-history":[{"count":0,"href":"https:\/\/conswolfsburg.esteri.it\/de\/wp-json\/wp\/v2\/pages\/202\/revisions"}],"up":[{"embeddable":true,"href":"https:\/\/conswolfsburg.esteri.it\/de\/wp-json\/wp\/v2\/pages\/152"}],"wp:attachment":[{"href":"https:\/\/conswolfsburg.esteri.it\/de\/wp-json\/wp\/v2\/media?parent=202"}],"curies":[{"name":"wp","href":"https:\/\/api.w.org\/{rel}","templated":true}]}}