{"id":453,"date":"2023-04-18T15:37:09","date_gmt":"2023-04-18T13:37:09","guid":{"rendered":"https:\/\/conswolfsburg.esteri.it\/servizi-consolari-e-visti\/servizi-per-il-cittadino-italiano\/modulistica\/"},"modified":"2026-03-11T10:05:46","modified_gmt":"2026-03-11T09:05:46","slug":"modulistica","status":"publish","type":"page","link":"https:\/\/conswolfsburg.esteri.it\/de\/servizi-consolari-e-visti\/servizi-per-il-cittadino-italiano\/modulistica\/","title":{"rendered":"Formulare"},"content":{"rendered":"<p><strong>REISEP\u00c4SSE<\/strong><br \/>\n<a title=\"Antrag Reisepass\" href=\"https:\/\/conswolfsburg.esteri.it\/Consolato_Wolfsburg\/resource\/doc\/2022\/07\/formulariorilascio_passaporti_senza_foto.pdf\" target=\"_blank\" rel=\"noopener\"><img decoding=\"async\" src=\"https:\/\/conswolfsburg.esteri.it\/resource\/2011\/04\/36071_f_cons57download7.jpg\" alt=\"\" border=\"0\" \/><\/a><a href=\"https:\/\/conswolfsburg.esteri.it\/wp-content\/uploads\/2026\/03\/formulario_passaporto_adulti_2026.pdf\">Antrag auf Ausstellung des Reisepasses<\/a><\/p>\n<p><a href=\"https:\/\/conswolfsburg.esteri.it\/wp-content\/uploads\/2026\/02\/formulario-passaporto_minori-febbraio-2026.pdf\">Antrag Reisepass f\u00fcr Minderj\u00e4hrige<\/a><\/p>\n<p><a href=\"https:\/\/conswolfsburg.esteri.it\/wp-content\/uploads\/2023\/07\/attodiassensominori.pdf\">Einverst\u00e4ndniserkl\u00e4rung f\u00fcr Minderj\u00e4hrige<\/a><\/p>\n<p>&nbsp;<\/p>\n<p><strong>PERSONALAUSWEIS<\/strong><\/p>\n<p><a href=\"https:\/\/conswolfsburg.esteri.it\/wp-content\/uploads\/2023\/07\/Domanda-CIE-adulti-giugno-2023-1.pdf\">Antrag Personalausweis (CIE)<\/a><\/p>\n<p><a href=\"https:\/\/conswolfsburg.esteri.it\/wp-content\/uploads\/2023\/07\/Domanda-CIE-minori-giugno-2023-1.pdf\">Antrag Personalausweis &#8211; Minderj\u00e4hrige<\/a><\/p>\n<p><a href=\"https:\/\/conswolfsburg.esteri.it\/wp-content\/uploads\/2023\/07\/attodiassensominori.pdf\">Einverst\u00e4ndniserkl\u00e4rung f\u00fcr Minderj\u00e4hrrige\u00a0<\/a><\/p>\n<p>&nbsp;<\/p>\n<p><strong>MELDEABTEILUNG<br \/>\n<\/strong><br \/>\n<a title=\"Antrag auf Eintragung AIRE\" href=\"https:\/\/conswolfsburg.esteri.it\/Consolato_Wolfsburg\/resource\/doc\/2018\/07\/iscrizione_aire_nuovo.pdf\" target=\"_blank\" rel=\"noopener\"><img decoding=\"async\" src=\"https:\/\/conswolfsburg.esteri.it\/resource\/2011\/06\/38013_f_cons57download96.jpg\" alt=\"\" border=\"0\" \/><\/a><a href=\"https:\/\/conswolfsburg.esteri.it\/wp-content\/uploads\/2023\/07\/iscrizione_aire_nuovo.pdf\">Antrag auf Registrierung im AIRE-Register<\/a><\/p>\n<p><a title=\"Mitteilung Adress\u00e4nderung\" href=\"https:\/\/conswolfsburg.esteri.it\/Consolato_Wolfsburg\/resource\/doc\/2018\/07\/dichiarazione_di_cambio_indirizzo_-_formulario.pdf\" target=\"_blank\" rel=\"noopener\"><img decoding=\"async\" src=\"https:\/\/conswolfsburg.esteri.it\/resource\/2011\/07\/38804_f_cons57download991.jpg\" alt=\"\" border=\"0\" \/><\/a><a href=\"https:\/\/conswolfsburg.esteri.it\/wp-content\/uploads\/2023\/07\/dichiarazione_di_cambio_indirizzo_-_formulario.pdf\">Mitteilung einer Adress\u00e4nderung\u00a0<\/a><\/p>\n<p>&nbsp;<\/p>\n<p><strong>STANDESAMT<\/strong><\/p>\n<p><a title=\"Antrag auf Ausstellung eines Ehef\u00e4higkeitszeugnis\" href=\"https:\/\/conswolfsburg.esteri.it\/Consolato_Wolfsburg\/resource\/doc\/2021\/03\/richiesta_certificato_capacita_matrimoniale.pdf\" target=\"_blank\" rel=\"noopener\"><img decoding=\"async\" class=\"alignright\" src=\"https:\/\/conswolfsburg.esteri.it\/resource\/2013\/08\/58062_f_cons57download999.jpg\" alt=\"\" border=\"0\" \/><\/a><a href=\"https:\/\/conswolfsburg.esteri.it\/wp-content\/uploads\/2023\/07\/richiesta_certificato_capacita_matrimoniale-1.pdf\">Antrag Ehef\u00e4higkeitszeugnis<\/a><\/p>\n<p><a href=\"https:\/\/conswolfsburg.esteri.it\/wp-content\/uploads\/2023\/07\/richiesta_pubblicazioni_di_matrimonio_marzo_2021.pdf\">Antrag auf Ausstellung eines Aufgebotes<\/a><\/p>\n<p><a href=\"https:\/\/conswolfsburg.esteri.it\/wp-content\/uploads\/2023\/07\/dichiarazione_di_volonta_doppio_cognome-1.pdf\">Willenserkl\u00e4rung zur Erteilung des doppelten Nachnahmens eines Kindes\u00a0<\/a><\/p>\n<p>&nbsp;<\/p>\n<p><strong>STEUERNUMMER<\/strong><\/p>\n<p><a href=\"https:\/\/conswolfsburg.esteri.it\/wp-content\/uploads\/2023\/07\/richiesta-codice-fiscale.pdf\">Antrag auf Ausstellung einer italienischen Steuernummer<\/a><\/p>\n<p>&nbsp;<\/p>\n<p><strong>VERLUST\/DIEBSTAHL VON REISEP\u00c4SSEN UND PERSONALAUSWEISEN<br \/>\n<\/strong><br \/>\n<a href=\"https:\/\/conswolfsburg.esteri.it\/wp-content\/uploads\/2026\/02\/DICHIARAZIONE_SMARRIMENTO_CIE-PASSAPORTO.pdf\" target=\"_blank\" rel=\"noopener\"><img decoding=\"async\" src=\"https:\/\/conswolfsburg.esteri.it\/resource\/2012\/01\/43523_f_cons57download992.jpg\" alt=\"\" border=\"0\" \/><\/a><a href=\"https:\/\/conswolfsburg.esteri.it\/wp-content\/uploads\/2023\/07\/Denunciasmarrimentofurto.pdf\">Verlust- und Diebstahlanzeige eines Reisepasses oder Personalausweises<\/a><\/p>\n<p>&nbsp;<\/p>\n<p><strong>SORGEERKL\u00c4RUNG<\/strong><\/p>\n<p><img decoding=\"async\" src=\"https:\/\/conswolfsburg.esteri.it\/resource\/2016\/04\/81206_f_cons57logodownload7.jpg\" alt=\"\" border=\"0\" \/><a href=\"https:\/\/conswolfsburg.esteri.it\/wp-content\/uploads\/2023\/07\/formular_sorgeerklrung_deutsch.pdf\">Sorgeerkl\u00e4rung<\/a><\/p>\n<p>&nbsp;<\/p>\n<p><strong>ITALIENISCHE STAATSB\u00dcRGERSCHAFT<\/strong><\/p>\n<p><a href=\"https:\/\/conswolfsburg.esteri.it\/wp-content\/uploads\/2023\/07\/richiesta_iure_sanguinis.pdf\">Antrag auf Anerkennung der italienischen Staatsangeh\u00f6rigkeit<\/a><\/p>\n<p>&nbsp;<\/p>\n","protected":false},"excerpt":{"rendered":"REISEP\u00c4SSE Antrag auf Ausstellung des Reisepasses Antrag Reisepass f\u00fcr Minderj\u00e4hrige Einverst\u00e4ndniserkl\u00e4rung f\u00fcr Minderj\u00e4hrige &nbsp; PERSONALAUSWEIS Antrag Personalausweis (CIE) Antrag Personalausweis &#8211; Minderj\u00e4hrige Einverst\u00e4ndniserkl\u00e4rung f\u00fcr Minderj\u00e4hrrige\u00a0 &nbsp; MELDEABTEILUNG Antrag auf Registrierung im AIRE-Register Mitteilung einer Adress\u00e4nderung\u00a0 &nbsp; STANDESAMT Antrag Ehef\u00e4higkeitszeugnis Antrag auf Ausstellung eines Aufgebotes Willenserkl\u00e4rung zur Erteilung des doppelten Nachnahmens eines Kindes\u00a0 &nbsp; STEUERNUMMER Antrag [&hellip;]","protected":false},"author":3,"featured_media":0,"parent":152,"menu_order":0,"comment_status":"closed","ping_status":"closed","template":"","meta":{"footnotes":""},"class_list":["post-453","page","type-page","status-publish","hentry"],"_links":{"self":[{"href":"https:\/\/conswolfsburg.esteri.it\/de\/wp-json\/wp\/v2\/pages\/453","targetHints":{"allow":["GET"]}}],"collection":[{"href":"https:\/\/conswolfsburg.esteri.it\/de\/wp-json\/wp\/v2\/pages"}],"about":[{"href":"https:\/\/conswolfsburg.esteri.it\/de\/wp-json\/wp\/v2\/types\/page"}],"author":[{"embeddable":true,"href":"https:\/\/conswolfsburg.esteri.it\/de\/wp-json\/wp\/v2\/users\/3"}],"replies":[{"embeddable":true,"href":"https:\/\/conswolfsburg.esteri.it\/de\/wp-json\/wp\/v2\/comments?post=453"}],"version-history":[{"count":4,"href":"https:\/\/conswolfsburg.esteri.it\/de\/wp-json\/wp\/v2\/pages\/453\/revisions"}],"predecessor-version":[{"id":4959,"href":"https:\/\/conswolfsburg.esteri.it\/de\/wp-json\/wp\/v2\/pages\/453\/revisions\/4959"}],"up":[{"embeddable":true,"href":"https:\/\/conswolfsburg.esteri.it\/de\/wp-json\/wp\/v2\/pages\/152"}],"wp:attachment":[{"href":"https:\/\/conswolfsburg.esteri.it\/de\/wp-json\/wp\/v2\/media?parent=453"}],"curies":[{"name":"wp","href":"https:\/\/api.w.org\/{rel}","templated":true}]}}