{"id":4658,"date":"2026-01-29T17:04:03","date_gmt":"2026-01-29T16:04:03","guid":{"rendered":"https:\/\/conswolfsburg.esteri.it\/?page_id=4658"},"modified":"2026-01-29T17:32:28","modified_gmt":"2026-01-29T16:32:28","slug":"januar","status":"publish","type":"page","link":"https:\/\/conswolfsburg.esteri.it\/de\/italia-e-germania\/diplomazia-culturale\/lingua-e-cultura-italiana\/manifestazioni\/januar\/","title":{"rendered":"Januar"},"content":{"rendered":"<p><span style=\"text-decoration: underline;\"><strong>Freitag 30\/01 \u2013 17.00 Uhr \/ 19.00 Uhr \u2013 Kunstmuseum Wolfsburg, Hollerplatz 1, 38440 Wolfsburg<\/strong><\/span><\/p>\n<p><strong>Exklusive F\u00fchrung &amp; Konzert<\/strong><\/p>\n<p><a href=\"https:\/\/conswolfsburg.esteri.it\/wp-content\/uploads\/2026\/01\/Kunst-Musica-Il_Rossignolo.pdf\" target=\"_blank\" rel=\"noopener\"><img loading=\"lazy\" decoding=\"async\" class=\"size-medium wp-image-4223 img-fluid alignleft\" src=\"https:\/\/conswolfsburg.esteri.it\/wp-content\/uploads\/2026\/01\/Cover_Kunst-Musica-Il_Rossignolo-150x300.jpg\" sizes=\"auto, (max-width: 150px) 100vw, 150px\" srcset=\"https:\/\/conswolfsburg.esteri.it\/wp-content\/uploads\/2026\/01\/Cover_Kunst-Musica-Il_Rossignolo-150x300.jpg 150w, https:\/\/conswolfsburg.esteri.it\/wp-content\/uploads\/2026\/01\/Cover_Kunst-Musica-Il_Rossignolo-512x1024.jpg 512w, https:\/\/conswolfsburg.esteri.it\/wp-content\/uploads\/2026\/01\/Cover_Kunst-Musica-Il_Rossignolo-768x1535.jpg 768w, https:\/\/conswolfsburg.esteri.it\/wp-content\/uploads\/2026\/01\/Cover_Kunst-Musica-Il_Rossignolo.jpg 1264w\" alt=\"\" width=\"150\" height=\"300\" \/><\/a><\/p>\n<p>Exklusive F\u00fchrung durch die Ausstellung von\u00a0<strong><em>Ma\u0142gorzata Mirga-Tas. Eine alternative Geschichte<\/em><\/strong>, gefolgt von einem Konzert. Bei der F\u00fchrung mit einem Guide des Vermittlungsteams des Kunstmuseums k\u00f6nnen Sie ab 17.00 Uhr die faszinierende und vielf\u00e4ltige Ausstellung der polnischen K\u00fcnstlerin bewundern.<\/p>\n<p>Nach einer kurzen Pause erwartet Sie um 19.00 Uhr das Ensemble \u201e<strong><em>Il Rossignolo<\/em><\/strong>\u201d in Begleitung der Sopranistin\u00a0<strong><em>Eilika W\u00fcnsch<\/em><\/strong>\u00a0zu einem Abend mit italienischer Musik. Das Ensemble Il Rossignolo gilt als eines der bedeutendsten italienischen Ensembles im Bereich der Alten Musik. Es ist auf Renaissance- und Barockmusik spezialisiert, die auf historischen Instrumenten gespielt wird.<\/p>\n<p>Veranstalter: Italienische Konsularagentur Wolfsburg, Kunstmuseum Wolfsburg in Zusammenarbeit mit dem Verein der Freunde der italienischen Kultur Wolfsburg e.V., mit Unterst\u00fctzung der Stadt Wolfsburg und der Volkswagen Group.<\/p>\n<p>&nbsp;<\/p>\n<p>F\u00fchrung und Konzert (17.00 Uhr) 25,00 \u20ac<\/p>\n<p>nur Konzert (19.00 Uhr) 10,00 \u20ac<\/p>\n<p>Tickets sind bereits im Vorverkauf unter\u00a0<a href=\"https:\/\/www.eventim-light.com\/de\/a\/5db7fd6829170500015afa04\/e\/68d147a5a5c93f571da1522c\" target=\"_blank\" rel=\"noopener\"><strong>eventim.de<\/strong><\/a> erh\u00e4ltlich<\/p>\n","protected":false},"excerpt":{"rendered":"Freitag 30\/01 \u2013 17.00 Uhr \/ 19.00 Uhr \u2013 Kunstmuseum Wolfsburg, Hollerplatz 1, 38440 Wolfsburg Exklusive F\u00fchrung &amp; Konzert Exklusive F\u00fchrung durch die Ausstellung von\u00a0Ma\u0142gorzata Mirga-Tas. Eine alternative Geschichte, gefolgt von einem Konzert. Bei der F\u00fchrung mit einem Guide des Vermittlungsteams des Kunstmuseums k\u00f6nnen Sie ab 17.00 Uhr die faszinierende und vielf\u00e4ltige Ausstellung der polnischen [&hellip;]","protected":false},"author":9,"featured_media":0,"parent":1095,"menu_order":1,"comment_status":"closed","ping_status":"closed","template":"","meta":{"footnotes":""},"class_list":["post-4658","page","type-page","status-publish","hentry"],"_links":{"self":[{"href":"https:\/\/conswolfsburg.esteri.it\/de\/wp-json\/wp\/v2\/pages\/4658","targetHints":{"allow":["GET"]}}],"collection":[{"href":"https:\/\/conswolfsburg.esteri.it\/de\/wp-json\/wp\/v2\/pages"}],"about":[{"href":"https:\/\/conswolfsburg.esteri.it\/de\/wp-json\/wp\/v2\/types\/page"}],"author":[{"embeddable":true,"href":"https:\/\/conswolfsburg.esteri.it\/de\/wp-json\/wp\/v2\/users\/9"}],"replies":[{"embeddable":true,"href":"https:\/\/conswolfsburg.esteri.it\/de\/wp-json\/wp\/v2\/comments?post=4658"}],"version-history":[{"count":2,"href":"https:\/\/conswolfsburg.esteri.it\/de\/wp-json\/wp\/v2\/pages\/4658\/revisions"}],"predecessor-version":[{"id":4663,"href":"https:\/\/conswolfsburg.esteri.it\/de\/wp-json\/wp\/v2\/pages\/4658\/revisions\/4663"}],"up":[{"embeddable":true,"href":"https:\/\/conswolfsburg.esteri.it\/de\/wp-json\/wp\/v2\/pages\/1095"}],"wp:attachment":[{"href":"https:\/\/conswolfsburg.esteri.it\/de\/wp-json\/wp\/v2\/media?parent=4658"}],"curies":[{"name":"wp","href":"https:\/\/api.w.org\/{rel}","templated":true}]}}