{"id":4667,"date":"2026-01-29T17:33:40","date_gmt":"2026-01-29T16:33:40","guid":{"rendered":"https:\/\/conswolfsburg.esteri.it\/?page_id=4667"},"modified":"2026-01-29T17:39:18","modified_gmt":"2026-01-29T16:39:18","slug":"februar","status":"publish","type":"page","link":"https:\/\/conswolfsburg.esteri.it\/de\/italia-e-germania\/diplomazia-culturale\/lingua-e-cultura-italiana\/manifestazioni\/februar\/","title":{"rendered":"Februar"},"content":{"rendered":"<p>FEBRUAR<\/p>\n<p><span style=\"text-decoration: underline;\"><strong>Mittwoch 04\/02 \u2013 19.30 Uhr \u2013 Delphin-Palast Wolfsburg, Porschestr. 39, 38440 Wolfsburg<\/strong><\/span><\/p>\n<p>Film in italienischer Sprache mit englischen Untertiteln:\u00a0<strong>\u201e<em>Il diritto alla felicit\u00e0\u201c<\/em>,\u00a0<\/strong>Drama IT 2021, Regie: Claudio Rossi Massimi (90 Min.)<\/p>\n<p><strong><img loading=\"lazy\" decoding=\"async\" class=\"size-medium wp-image-4295 img-fluid alignleft\" src=\"https:\/\/conswolfsburg.esteri.it\/wp-content\/uploads\/2026\/01\/il_diritto_alla_felicita-212x300.jpg\" sizes=\"auto, (max-width: 212px) 100vw, 212px\" srcset=\"https:\/\/conswolfsburg.esteri.it\/wp-content\/uploads\/2026\/01\/il_diritto_alla_felicita-212x300.jpg 212w, https:\/\/conswolfsburg.esteri.it\/wp-content\/uploads\/2026\/01\/il_diritto_alla_felicita.jpg 595w\" alt=\"\" width=\"212\" height=\"300\" \/><\/strong><\/p>\n<p>Libero ist ein leidenschaftlicher Verk\u00e4ufer von gebrauchten B\u00fcchern und Essien ist ein kleiner Einwandererknabe, der seit einigen Jahren in Italien lebt. Die Freundschaft zwischen den beiden entsteht durch die B\u00fccher, die Libero Essien leiht. Essien lernt den Westen durch seine Literatur kennen, Libero erf\u00fcllt die Bedeutung seines Namens, indem er versucht, Essien zu einem freien Mann zu machen. Das Leben mit seinen Geboten sorgt f\u00fcr ein melancholisches Ende, aber nichts ist verloren, wo Verbundenheit und Zuneigung herrschen.<\/p>\n<p><strong>Eintritt 5,- \u20ac<\/strong>, die Karten sind ab dem 21. Januar w\u00e4hrend der \u00d6ffnungszeiten im Delphin Palast erh\u00e4ltlich, an der Abendkasse werden nur Restkarten verkauft.<\/p>\n<p>Veranstalter: Italienische Konsularagentur Wolfsburg, AMICI der Italienischen Kultur in Wolfsburg e.V. mit freundlicher Unterst\u00fctzung der Stadt Wolfsburg und der Volkswagen Group.<\/p>\n<p>&nbsp;<\/p>\n<p class=\"date\"><span style=\"text-decoration: underline;\"><strong>Freitag 20\/02 \u2013 19:00 Uhr \u2013\u00a0KulturKirche St. Marien, Schlo\u00dfstr. 15, 38448 Wolfsburg<\/strong><\/span><\/p>\n<p class=\"date\"><strong><a href=\"https:\/\/conswolfsburg.esteri.it\/wp-content\/uploads\/2026\/01\/NoemiLaTerra_Naufragium.png\" target=\"_blank\" rel=\"noopener\"><img loading=\"lazy\" decoding=\"async\" class=\"size-medium wp-image-4380 img-fluid alignleft\" src=\"https:\/\/conswolfsburg.esteri.it\/wp-content\/uploads\/2026\/01\/NoemiLaTerra_Naufragium-300x169.png\" sizes=\"auto, (max-width: 300px) 100vw, 300px\" srcset=\"https:\/\/conswolfsburg.esteri.it\/wp-content\/uploads\/2026\/01\/NoemiLaTerra_Naufragium-300x169.png 300w, https:\/\/conswolfsburg.esteri.it\/wp-content\/uploads\/2026\/01\/NoemiLaTerra_Naufragium-1024x576.png 1024w, https:\/\/conswolfsburg.esteri.it\/wp-content\/uploads\/2026\/01\/NoemiLaTerra_Naufragium-768x432.png 768w, https:\/\/conswolfsburg.esteri.it\/wp-content\/uploads\/2026\/01\/NoemiLaTerra_Naufragium.png 1280w\" alt=\"\" width=\"300\" height=\"169\" \/><\/a><\/strong><\/p>\n<p class=\"date\"><strong>Konzert: Naufragium \u2013 Quartett Noemi La Terra &amp; Z\u00e0gara \u2013\u00a0Eine musikalische Erz\u00e4hlung eines auf Sizilien gestrandeten Menschen<\/strong><\/p>\n<p>Skylla und Charybdis, zwei Ungeheuer, die in der Meeresenge von Messina ihr Unwesen treiben und ganze Schiffe verschlingen sollen, greifen das Schiff unseres Reisenden an. In den tiefen Str\u00f6mungen des Stretto di Messina erleidet der Unbekannte Schiffbruch, die Str\u00f6mung treibt ihn in Richtung Land, wo seine Reise durch diese ihm noch unbekannte Insel, die schon bald seine Heimat werden wird, beginnt.<\/p>\n<p><strong>Musik:\u00a0<\/strong>Noemi La Terra (Gesang, Kastagnetten &amp; Shrutibox), Hans-Richard Ludewig (Akkordeon), Erkin Cavus (Gitarre) und Dietrich Z\u00f6llner (Kontrabass &amp; Violoncello).\u00a0<strong>Geschmack:\u00a0<\/strong>Portwein &amp; Tiramisu<\/p>\n<p><strong>Eintrittskarten: 12,- \u20ac AK, 10,- \u20ac VVK erh\u00e4ltlich im Gemeindeb\u00fcro der Nordstadtgemeinde,\u00a0<\/strong>Schlo\u00dfstrasse 15, 38448 Wolfsburg \u2013 Tel.: 05361-61262 oder 05361-8906960<br \/>\n\u00d6ffnungszeiten: Dienstag, Mittwoch, Freitag: 9.00 \u2013 12.30 Uhr, Donnerstag: 10.00 \u2013 12.30 Uhr. Der Vorverkauf erfolgt nur pers\u00f6nlich im Gemeindeb\u00fcro. Eine telefonische Vorbestellung oder Reservierung ist nicht m\u00f6glich.<\/p>\n<p>Veranstalter: Italienische Konsularagentur Wolfsburg, KulturKirche St. Marien Wolfsburg, AMICI der Italienischen Kultur in Wolfsburg e.V. mit freundlicher Unterst\u00fctzung der Stadt Wolfsburg und der Volkswagen Group<\/p>\n","protected":false},"excerpt":{"rendered":"FEBRUAR Mittwoch 04\/02 \u2013 19.30 Uhr \u2013 Delphin-Palast Wolfsburg, Porschestr. 39, 38440 Wolfsburg Film in italienischer Sprache mit englischen Untertiteln:\u00a0\u201eIl diritto alla felicit\u00e0\u201c,\u00a0Drama IT 2021, Regie: Claudio Rossi Massimi (90 Min.) Libero ist ein leidenschaftlicher Verk\u00e4ufer von gebrauchten B\u00fcchern und Essien ist ein kleiner Einwandererknabe, der seit einigen Jahren in Italien lebt. Die Freundschaft zwischen [&hellip;]","protected":false},"author":9,"featured_media":0,"parent":1095,"menu_order":2,"comment_status":"closed","ping_status":"closed","template":"","meta":{"footnotes":""},"class_list":["post-4667","page","type-page","status-publish","hentry"],"_links":{"self":[{"href":"https:\/\/conswolfsburg.esteri.it\/de\/wp-json\/wp\/v2\/pages\/4667","targetHints":{"allow":["GET"]}}],"collection":[{"href":"https:\/\/conswolfsburg.esteri.it\/de\/wp-json\/wp\/v2\/pages"}],"about":[{"href":"https:\/\/conswolfsburg.esteri.it\/de\/wp-json\/wp\/v2\/types\/page"}],"author":[{"embeddable":true,"href":"https:\/\/conswolfsburg.esteri.it\/de\/wp-json\/wp\/v2\/users\/9"}],"replies":[{"embeddable":true,"href":"https:\/\/conswolfsburg.esteri.it\/de\/wp-json\/wp\/v2\/comments?post=4667"}],"version-history":[{"count":2,"href":"https:\/\/conswolfsburg.esteri.it\/de\/wp-json\/wp\/v2\/pages\/4667\/revisions"}],"predecessor-version":[{"id":4715,"href":"https:\/\/conswolfsburg.esteri.it\/de\/wp-json\/wp\/v2\/pages\/4667\/revisions\/4715"}],"up":[{"embeddable":true,"href":"https:\/\/conswolfsburg.esteri.it\/de\/wp-json\/wp\/v2\/pages\/1095"}],"wp:attachment":[{"href":"https:\/\/conswolfsburg.esteri.it\/de\/wp-json\/wp\/v2\/media?parent=4667"}],"curies":[{"name":"wp","href":"https:\/\/api.w.org\/{rel}","templated":true}]}}