{"id":4681,"date":"2026-01-29T17:34:43","date_gmt":"2026-01-29T16:34:43","guid":{"rendered":"https:\/\/conswolfsburg.esteri.it\/?page_id=4681"},"modified":"2026-04-14T12:52:00","modified_gmt":"2026-04-14T10:52:00","slug":"mai","status":"publish","type":"page","link":"https:\/\/conswolfsburg.esteri.it\/de\/italia-e-germania\/diplomazia-culturale\/lingua-e-cultura-italiana\/manifestazioni\/mai\/","title":{"rendered":"Mai"},"content":{"rendered":"<p><span style=\"text-decoration: underline;\"><strong>Sonntag, 10\/05 \u2013 12.00 Uhr \u2013 Schloss Wolfsburg, Gartensaal, Schlo\u00dfstr. 8, 38448 Wolfsburg<\/strong><\/span><\/p>\n<p><img loading=\"lazy\" decoding=\"async\" class=\"img-fluid alignleft wp-image-5098 size-medium\" src=\"https:\/\/conswolfsburg.esteri.it\/wp-content\/uploads\/2026\/04\/DuoPerfetto1web-300x200.jpg\" sizes=\"auto, (max-width: 300px) 100vw, 300px\" srcset=\"https:\/\/conswolfsburg.esteri.it\/wp-content\/uploads\/2026\/04\/DuoPerfetto1web-300x200.jpg 300w, https:\/\/conswolfsburg.esteri.it\/wp-content\/uploads\/2026\/04\/DuoPerfetto1web-1024x683.jpg 1024w, https:\/\/conswolfsburg.esteri.it\/wp-content\/uploads\/2026\/04\/DuoPerfetto1web-768x512.jpg 768w, https:\/\/conswolfsburg.esteri.it\/wp-content\/uploads\/2026\/04\/DuoPerfetto1web.jpg 1920w\" alt=\"\" width=\"300\" height=\"200\" \/><\/p>\n<p>Konzert: <strong>Duo Perfetto<\/strong> \u201cLe 12 Stagioni\u201d \u2013 Clorinda Perfetto (Klavier), Robert Witt (Violoncello)<\/p>\n<p><strong>\u201eLe 12 Stagioni\u201c<\/strong> (Tronos Digital Italy) mit den Jahreszeiten von Vivaldi, Tschaikowski und Piazzolla ist eine neue Show, in der der Dialog zwischen Cello\/Akkordeon und Cembalo\/Klavier\/Cajon musikalisch beschreibt, wie die V\u00f6lker der Welt die vier Jahreszeiten auf unterschiedliche Weise feiern, dabei aber denselben Wunsch nach Frieden teilen.<\/p>\n<p>Veranstalter: Italienische Konsularagentur Wolfsburg, AMICI der italienischen Kultur in Wolfsburg e.V. mit freundlicher Unterst\u00fctzung der Stadt Wolfsburg und der Volkswagen Group.<\/p>\n<p><span style=\"text-decoration: underline;\"><strong>Freitag 29\/05 \u2013 19:00 Uhr \u2013 KulturKirche St. Marien, Schlo\u00dfstr. 15, 38448 Wolfsburg<\/strong><\/span><\/p>\n<p><a href=\"https:\/\/kulturkirche-wolfsburg.wir-e.de\/termine\/c761c5ee-6708-4819-885b-93781e67bf6f\" target=\"_blank\" rel=\"noopener\"><img loading=\"lazy\" decoding=\"async\" class=\"img-fluid alignleft wp-image-5014 size-medium\" src=\"https:\/\/conswolfsburg.esteri.it\/wp-content\/uploads\/2026\/03\/Lange_Italienische_Nacht290526-300x169.jpg\" alt=\"\" width=\"300\" height=\"169\" srcset=\"https:\/\/conswolfsburg.esteri.it\/wp-content\/uploads\/2026\/03\/Lange_Italienische_Nacht290526-300x169.jpg 300w, https:\/\/conswolfsburg.esteri.it\/wp-content\/uploads\/2026\/03\/Lange_Italienische_Nacht290526-1024x576.jpg 1024w, https:\/\/conswolfsburg.esteri.it\/wp-content\/uploads\/2026\/03\/Lange_Italienische_Nacht290526-768x432.jpg 768w, https:\/\/conswolfsburg.esteri.it\/wp-content\/uploads\/2026\/03\/Lange_Italienische_Nacht290526.jpg 1920w\" sizes=\"auto, (max-width: 300px) 100vw, 300px\" \/><\/a><\/p>\n<p><strong>Lange italienische Nacht &#8211; Konzertabend mit dem Duo Meringolo<\/strong><strong>, dem Trio Tremozioni und DJ Matteo<\/strong><\/p>\n<p><em><strong>Christian Meringolo:<\/strong><\/em> Als S\u00e4nger beherrscht der junge Italiener eine breite Palette an Genres, von einf\u00fchlsamen Balladen bis hin zu mitrei\u00dfenden Pop- und Rocknummern. Seine au\u00dfergew\u00f6hnliche Interpretation und sein feines Gesp\u00fcr f\u00fcr Musik machen ihn zu einem gefeierten K\u00fcnstler, der sein Publikum in den Bann zieht.<br \/>\n<strong><em>Tremozioni<\/em>:<\/strong> Das Wolfsburger Trio begeistert mit italienischen Popsongs im handgemachten unplugged Sound. Eigene Arrangements bekannter Melodien von Nek, Gianluca Grignani, Toto Cotugno und Adriano Celentano u.a. verbinden die Lebensfreude der italienischen Seele mit der Freude an spielerischer Improvisation.<br \/>\n<strong><em>DJ Matteo<\/em>:<\/strong> Wenn DJ Matteo auflegt, wird getanzt! Sein Sound rei\u00dft jede\/n mit! Er verwandelt den Paradiesgarten in eine rauschende Sommernachts-Disco und bereitet allen Zuh\u00f6rern einen unvergesslichen Abend!<\/p>\n<p><strong>Musik:<\/strong> Duo Meringolo, Trio Tremozioni (Matthias Klingebiel, Andreas Meyer und Claudio Calandra) und DJ Matteo<br \/>\n<strong>Geschmack:<\/strong> Italienisches Geb\u00e4ck &amp; italienische Weine<\/p>\n<p><strong>Eintrittskarten: 12,- \u20ac AK, 10,- \u20ac VVK erh\u00e4ltlich im Gemeindeb\u00fcro der Nordstadtgemeinde,\u00a0<\/strong>Schlo\u00dfstrasse 15, 38448 Wolfsburg \u2013 Tel.: 05361-61262 oder 05361-8906960<br \/>\n\u00d6ffnungszeiten: Dienstag, Mittwoch, Freitag: 9.00 \u2013 12.30 Uhr, Donnerstag: 10.00 \u2013 12.30 Uhr. Der Vorverkauf erfolgt nur pers\u00f6nlich im Gemeindeb\u00fcro. Eine telefonische Vorbestellung oder Reservierung ist nicht m\u00f6glich.<\/p>\n<p>Veranstalter: Italienische Konsularagentur Wolfsburg, KulturKirche St. Marien Wolfsburg, AMICI der Italienischen Kultur in Wolfsburg e.V. mit freundlicher Unterst\u00fctzung der Stadt Wolfsburg und der Volkswagen Group<\/p>\n<p>&nbsp;<\/p>\n<p><span style=\"text-decoration: underline;\"><strong>Samstag 30\/05 &#8211; 14.00-18.00 Uhr &#8211; Innenstadt, Innenhof Goethestr. 32-38 \/ L\u00f6nsstra\u00dfe 12-16<\/strong><\/span><\/p>\n<p><a href=\"https:\/\/conswolfsburg.esteri.it\/wp-content\/uploads\/2026\/03\/TagDerNachbarn2026_PK_druck.pdf\" target=\"_blank\" rel=\"noopener\"><strong><img loading=\"lazy\" decoding=\"async\" class=\"img-fluid alignleft wp-image-5063 size-medium\" src=\"https:\/\/conswolfsburg.esteri.it\/wp-content\/uploads\/2026\/03\/Tag_der_guten_Nachbarschaft_1_2026-212x300.jpg\" alt=\"\" width=\"212\" height=\"300\" srcset=\"https:\/\/conswolfsburg.esteri.it\/wp-content\/uploads\/2026\/03\/Tag_der_guten_Nachbarschaft_1_2026-212x300.jpg 212w, https:\/\/conswolfsburg.esteri.it\/wp-content\/uploads\/2026\/03\/Tag_der_guten_Nachbarschaft_1_2026-724x1024.jpg 724w, https:\/\/conswolfsburg.esteri.it\/wp-content\/uploads\/2026\/03\/Tag_der_guten_Nachbarschaft_1_2026-768x1086.jpg 768w, https:\/\/conswolfsburg.esteri.it\/wp-content\/uploads\/2026\/03\/Tag_der_guten_Nachbarschaft_1_2026-scaled.jpg 1810w\" sizes=\"auto, (max-width: 212px) 100vw, 212px\" \/><\/strong><\/a><\/p>\n<p><strong>Tag der guten Nachbarschaft<\/strong><\/p>\n<p>&nbsp;<\/p>\n","protected":false},"excerpt":{"rendered":"Sonntag, 10\/05 \u2013 12.00 Uhr \u2013 Schloss Wolfsburg, Gartensaal, Schlo\u00dfstr. 8, 38448 Wolfsburg Konzert: Duo Perfetto \u201cLe 12 Stagioni\u201d \u2013 Clorinda Perfetto (Klavier), Robert Witt (Violoncello) \u201eLe 12 Stagioni\u201c (Tronos Digital Italy) mit den Jahreszeiten von Vivaldi, Tschaikowski und Piazzolla ist eine neue Show, in der der Dialog zwischen Cello\/Akkordeon und Cembalo\/Klavier\/Cajon musikalisch beschreibt, wie [&hellip;]","protected":false},"author":9,"featured_media":0,"parent":1095,"menu_order":5,"comment_status":"closed","ping_status":"closed","template":"","meta":{"footnotes":""},"class_list":["post-4681","page","type-page","status-publish","hentry"],"_links":{"self":[{"href":"https:\/\/conswolfsburg.esteri.it\/de\/wp-json\/wp\/v2\/pages\/4681","targetHints":{"allow":["GET"]}}],"collection":[{"href":"https:\/\/conswolfsburg.esteri.it\/de\/wp-json\/wp\/v2\/pages"}],"about":[{"href":"https:\/\/conswolfsburg.esteri.it\/de\/wp-json\/wp\/v2\/types\/page"}],"author":[{"embeddable":true,"href":"https:\/\/conswolfsburg.esteri.it\/de\/wp-json\/wp\/v2\/users\/9"}],"replies":[{"embeddable":true,"href":"https:\/\/conswolfsburg.esteri.it\/de\/wp-json\/wp\/v2\/comments?post=4681"}],"version-history":[{"count":6,"href":"https:\/\/conswolfsburg.esteri.it\/de\/wp-json\/wp\/v2\/pages\/4681\/revisions"}],"predecessor-version":[{"id":5129,"href":"https:\/\/conswolfsburg.esteri.it\/de\/wp-json\/wp\/v2\/pages\/4681\/revisions\/5129"}],"up":[{"embeddable":true,"href":"https:\/\/conswolfsburg.esteri.it\/de\/wp-json\/wp\/v2\/pages\/1095"}],"wp:attachment":[{"href":"https:\/\/conswolfsburg.esteri.it\/de\/wp-json\/wp\/v2\/media?parent=4681"}],"curies":[{"name":"wp","href":"https:\/\/api.w.org\/{rel}","templated":true}]}}