{"id":495,"date":"2023-04-24T10:52:00","date_gmt":"2023-04-24T08:52:00","guid":{"rendered":"https:\/\/conswolfsburg.esteri.it\/?page_id=495"},"modified":"2026-01-29T17:30:25","modified_gmt":"2026-01-29T16:30:25","slug":"sprachkurse-2","status":"publish","type":"page","link":"https:\/\/conswolfsburg.esteri.it\/de\/italia-e-germania\/diplomazia-culturale\/lingua-e-cultura-italiana\/sprachkurse-2\/","title":{"rendered":"Sprachkurse"},"content":{"rendered":"<p><a class=\"focus--mouse\" href=\"https:\/\/conswolfsburg.esteri.it\/wp-content\/uploads\/2026\/01\/Sprachkursprogramm2026.pdf\" target=\"_blank\" rel=\"noopener\" data-focus-mouse=\"true\"><strong>Hier das Sprachkurs-Programm f\u00fcr das Sommersemester 2026 herunterladen<\/strong><\/a><\/p>\n<p><a href=\"https:\/\/conswolfsburg.esteri.it\/wp-content\/uploads\/2026\/01\/Anmeldeformular_Sommer_2026.pdf\" target=\"_blank\" rel=\"noopener\"><strong>Anmeldeformular Sprachkurse und Bildungsurlaub<\/strong><\/a><\/p>\n<p>Sie lieben Sprachen und m\u00f6chten Italienisch lernen? Sie w\u00fcrden gerne ihre Sprachkenntnisse auffrischen und verbessern? Sie interessieren sich f\u00fcr italienische Literatur und italienische Autoren? Dann sind Sie bei uns genau richtig! In Zusammenarbeit mit dem Verein der Freunde und F\u00f6rderer der italienischen Kultur in Wolfsburg e.V. freuen wir uns, Ihnen ein vielf\u00e4ltiges und abwechslungsreiches Kursangebot mit exzellenten muttersprachlichen Dozenten anbieten zu k\u00f6nnen.<\/p>\n<p>F\u00fcr weitere Informationen k\u00f6nnen Sie uns kontaktieren:<\/p>\n<p>E-Mail: <a href=\"mailto:wolfsburg.sprachkurse@esteri.it\" target=\"_blank\" rel=\"noopener\">wolfsburg.sprachkurse@esteri.it<\/a><\/p>\n<p>Tel.: 05361 60094 12<\/p>\n<p><strong><a class=\"focus--mouse\" href=\"https:\/\/conswolfsburg.esteri.it\/wp-content\/uploads\/2026\/01\/Sprachkursprogramm2026.pdf\" target=\"_blank\" rel=\"noopener\" data-focus-mouse=\"true\"><img loading=\"lazy\" decoding=\"async\" class=\"alignleft size-medium wp-image-4123 img-fluid\" src=\"https:\/\/conswolfsburg.esteri.it\/wp-content\/uploads\/2026\/01\/Cover_Sprachkursprogramm2026-153x300.jpg\" alt=\"\" width=\"153\" height=\"300\" srcset=\"https:\/\/conswolfsburg.esteri.it\/wp-content\/uploads\/2026\/01\/Cover_Sprachkursprogramm2026-153x300.jpg 153w, https:\/\/conswolfsburg.esteri.it\/wp-content\/uploads\/2026\/01\/Cover_Sprachkursprogramm2026-522x1024.jpg 522w, https:\/\/conswolfsburg.esteri.it\/wp-content\/uploads\/2026\/01\/Cover_Sprachkursprogramm2026-768x1508.jpg 768w, https:\/\/conswolfsburg.esteri.it\/wp-content\/uploads\/2026\/01\/Cover_Sprachkursprogramm2026.jpg 1287w\" sizes=\"auto, (max-width: 153px) 100vw, 153px\" \/><\/a><\/strong><\/p>\n<p>&nbsp;<\/p>\n","protected":false},"excerpt":{"rendered":"Hier das Sprachkurs-Programm f\u00fcr das Sommersemester 2026 herunterladen Anmeldeformular Sprachkurse und Bildungsurlaub Sie lieben Sprachen und m\u00f6chten Italienisch lernen? Sie w\u00fcrden gerne ihre Sprachkenntnisse auffrischen und verbessern? Sie interessieren sich f\u00fcr italienische Literatur und italienische Autoren? Dann sind Sie bei uns genau richtig! In Zusammenarbeit mit dem Verein der Freunde und F\u00f6rderer der italienischen Kultur [&hellip;]","protected":false},"author":9,"featured_media":0,"parent":199,"menu_order":2,"comment_status":"closed","ping_status":"closed","template":"","meta":{"footnotes":""},"class_list":["post-495","page","type-page","status-publish","hentry"],"_links":{"self":[{"href":"https:\/\/conswolfsburg.esteri.it\/de\/wp-json\/wp\/v2\/pages\/495","targetHints":{"allow":["GET"]}}],"collection":[{"href":"https:\/\/conswolfsburg.esteri.it\/de\/wp-json\/wp\/v2\/pages"}],"about":[{"href":"https:\/\/conswolfsburg.esteri.it\/de\/wp-json\/wp\/v2\/types\/page"}],"author":[{"embeddable":true,"href":"https:\/\/conswolfsburg.esteri.it\/de\/wp-json\/wp\/v2\/users\/9"}],"replies":[{"embeddable":true,"href":"https:\/\/conswolfsburg.esteri.it\/de\/wp-json\/wp\/v2\/comments?post=495"}],"version-history":[{"count":6,"href":"https:\/\/conswolfsburg.esteri.it\/de\/wp-json\/wp\/v2\/pages\/495\/revisions"}],"predecessor-version":[{"id":4163,"href":"https:\/\/conswolfsburg.esteri.it\/de\/wp-json\/wp\/v2\/pages\/495\/revisions\/4163"}],"up":[{"embeddable":true,"href":"https:\/\/conswolfsburg.esteri.it\/de\/wp-json\/wp\/v2\/pages\/199"}],"wp:attachment":[{"href":"https:\/\/conswolfsburg.esteri.it\/de\/wp-json\/wp\/v2\/media?parent=495"}],"curies":[{"name":"wp","href":"https:\/\/api.w.org\/{rel}","templated":true}]}}