{"id":4180,"date":"2026-01-07T14:06:11","date_gmt":"2026-01-07T13:06:11","guid":{"rendered":"https:\/\/conswolfsburg.esteri.it\/?page_id=4180"},"modified":"2026-01-07T14:42:00","modified_gmt":"2026-01-07T13:42:00","slug":"cittadinanza-registrazione-in-italia-del-figlio-nato-allestero","status":"publish","type":"page","link":"https:\/\/conswolfsburg.esteri.it\/it\/servizi-consolari-e-visti\/servizi-per-il-cittadino-italiano\/minori\/cittadinanza-registrazione-in-italia-del-figlio-nato-allestero\/","title":{"rendered":"Cittadinanza &#8211; Registrazione in Italia del figlio nato all&#8217;estero"},"content":{"rendered":"<p>A seguito della conversione in Legge del DL n.36\/2025, la cittadinanza italiana\u00a0<strong>non si trasmette pi\u00f9 automaticamente<\/strong>\u00a0ai minori nati all\u2019estero, ma si trasmette soltanto se ricorre una delle condizioni di seguito elencate.<\/p>\n<p>Il minore\u00a0<strong><u>nato all\u2019estero<\/u><\/strong>\u00a0da genitore\/i italiano\/i\u00a0<strong>\u00e8 cittadino italiano se<\/strong>:<\/p>\n<ul>\n<li><strong>non \u00e8 in possesso di altra cittadinanza, \u00e8 cio\u00e8 esclusivamente cittadino italiano<\/strong>.<\/li>\n<\/ul>\n<p>In questo caso, insieme all\u2019atto di nascita in originale su modello internazionale plurilingue, i genitori dovranno presentare una richiesta di trascrizione dell\u2019atto di nascita, alla quale dovr\u00e0 essere allegata idonea\u00a0<strong>documentazione che dimostri che il minore non abbia altra cittadinanza straniera di cui per esempio uno od entrambi i genitori siano titolari<\/strong>\u00a0(per esempio pap\u00e0 tedesco e mamma italiana). Si precisa che si considera in possesso di un\u2019altra cittadinanza straniera il minore che la acquisti\u00a0<em>iure sanguinis<\/em>\u00a0da uno dei genitori, oppure\u00a0<em>iure soli\u00a0<\/em>per essere nato in Germania dopo cinque anni di regolare residenza di uno od entrambi i genitori oppure che la acquisti a seguito di una mera dichiarazione senza possibilit\u00e0 di diniego da parte dell\u2019Autorit\u00e0 straniera competente (ad esempio per \u201ccittadinanza a seguito di opzione\u201d da effettuarsi per i figli nati all\u2019estero).<\/p>\n<p>Ciascun genitore dovr\u00e0 pertanto allegare alla richiesta di trascrizione un certificato di residenza rilasciato dalle autorit\u00e0 tedesche in cui sia esplicitamente indicato, oltre al nome, cognome, luogo e data di nascita dell\u2019interessato, anche la\/le cittadinanza\/e possedute e la data di emigrazione in Germania (<strong>Erweiterte Melderegisterauskunft gem\u00e4\u00df \u00a7 45 BMG)<\/strong>. Tale certificazione \u00e8 richiesta anche per il neonato.<\/p>\n<p>Non sar\u00e0 ritenuta valida alcuna autocertificazione sul mancato possesso di altra cittadinanza.<\/p>\n<ul>\n<li><strong>un genitore (anche adottivo) o un nonno\/nonna possiede al momento della nascita del minore \u2013 o possedeva al momento della sua morte \u2013 esclusivamente la cittadinanza italiana<\/strong>.<\/li>\n<\/ul>\n<p>Anche in questo caso, oltre all\u2019atto di nascita in originale su modello internazionale plurilingue e alla richiesta di trascrizione dell\u2019atto di nascita da parte dei genitori, dovr\u00e0 essere allegata idonea\u00a0<strong>documentazione<\/strong>\u00a0(<strong>Erweiterte Melderegisterauskunft gem\u00e4\u00df \u00a7 45 \u2013 BMG)<\/strong>\u00a0<u>c<\/u><strong>he dimostri che almeno un genitore (anche adottivo) o un nonno o una nonna possiede al momento della nascita del minore \u2013 o possedeva al momento della morte \u2013 esclusivamente la cittadinanza italiana<\/strong><u>.<\/u>\u00a0Non sar\u00e0 ammessa, nemmeno in questo caso, alcuna autocertificazione sul mancato possesso di altra cittadinanza.<\/p>\n<ul>\n<li><strong>il genitore cittadino italiano \u00e8 stato residente in Italia per almeno 2 anni continuativi\u00a0<\/strong><strong>prima della nascita del figlio\/a<\/strong>.<\/li>\n<\/ul>\n<p>Il genitore cittadino italiano che ha acquistato la cittadinanza per matrimonio o per residenza deve dimostrare di aver risieduto in Italia per almeno 2 anni continuativi\u00a0<u>successivamente all\u2019acquisto della cittadinanza italiana e prima della nascita del figlio\/a<\/u>. Non rileva la residenza in Italia del cittadino italiano prima dell\u2019acquisto della cittadinanza italiana, n\u00e9 la residenza in Italia del genitore straniero.<\/p>\n<p>Anche il genitore, cittadino italiano che ha acquisito la cittadinanza\u00a0<em>iure sanguinis<\/em>, se residente in Italia per almeno 2 anni continuativamente pu\u00f2 avvalersi di questa eccezione.<\/p>\n<p>In quest\u2019ultimo caso si precisa che il computo dei due anni di residenza viene calcolato dalla nascita. Nel caso di naturalizzazione, dal giorno successivo al giuramento, o nel caso del beneficio di legge dal giorno successivo alla dichiarazione.<\/p>\n<p>In questo caso, alla Erweiterte Melderegisterauskunft gem\u00e4\u00df \u00a7 45 BMG o\u00a0<strong>alla Meldebescheinigung gem\u00e4\u00df \u00a7 18 Bundesmeldegesetz (BMG) con la data di emigrazione in Germania, si dovr\u00e0 aggiungere anche il certificato di cittadinanza e \u00a0il certificato di residenza storico\u00a0<\/strong>del genitore cittadino italiano da richiedere al Comune\/i italiano\/i dove si \u00e8 risieduto per almeno 2 anni continuativi dopo l\u2019acquisto della cittadinanza italiana\u00a0italiana o dalla data di nascita per cittadini\u00a0<em>iure sanguinis<\/em>.<\/p>\n<p>Si raccomanda di inviare la richiesta di trascrizione dell\u2019atto di nascita del minore\u00a0<strong>esclusivamente se in possesso della documentazione richiesta<\/strong>\u00a0necessaria alla verifica della trasmissibilit\u00e0 della cittadinanza italiana. In presenza di domande inviate incomplete non sar\u00e0 possibile da parte di questa Cancelleria consolare inviare l\u2019atto per la trascrizione al Comune in Italia.<\/p>\n<p><strong><br \/>\nNUOVI CASI DI ACQUISTO DELLA CITTADINANZA ALL\u2019ESTERO (FIGLI MINORENNI DI CITTADINI CHE NON TRASMETTONO AUTOMATICAMENTE LA CITTADINANZA ITALIANA)<\/strong><\/p>\n<p>Nei casi in cui i genitori non trasmettono automaticamente la cittadinanza italiana ai figli (per esempio cittadini che hanno acquisito la cittadinanza iure sanguinis da un bisnonno cittadino italiano) si configura l\u2019ipotesi di acquisto della cittadinanza per beneficio di legge.<\/p>\n<p>In questo caso entrambi i genitori dovranno presentare una dichiarazione di volont\u00e0 di acquisto della cittadinanza entro\u00a0<strong>tre anni<\/strong>\u00a0dalla nascita del figlio se questi \u00e8 nato dopo il 24 maggio 2025.<\/p>\n<p>Solo per le istanze presentate prima del 1^ gennaio 2026, \u00e8 previsto il pagamento del contributo di euro 250,00 per ciascun minore.<\/p>\n<p>Per le istanze presentate dopo 1^ gennaio 2026, non \u00e8 previsto il pagamento del contributo.<\/p>\n<p>Per i figli minorenni alla data di entrata in vigore della legge (24 maggio 2025) la dichiarazione di volont\u00e0 di acquisto della cittadinanza dovr\u00e0 essere presentata da entrambi i genitori entro e non oltre il 31 maggio 2026.\u00a0\u00a0 In questo caso, l\u2019acquisto della cittadinanza a seguito di dichiarazione di volont\u00e0 \u00e8 soggetto al pagamento di un contributo di Euro 250,00 per ciascun minore.<\/p>\n<p>La dichiarazione di volont\u00e0 di acquisto della cittadinanza italiana deve essere sottoscritta personalmente da entrambi i genitori alla presenza di un impiegato della Cancelleria consolare delegato alle funzioni di stato civile. Alla dichiarazione dovr\u00e0 essere allegato:<\/p>\n<ol>\n<li>certificato di nascita del minore (in originale e su formato internazionale);<\/li>\n<li>certificato di cittadinanza straniera del minore;<\/li>\n<li>l\u2019atto di nascita integrale, rilasciato dal Comune italiano, del padre o della madre cittadini per nascita<\/li>\n<li>per ciascun genitore e per il neonato Erweiterte Melderegisterauskunft gem\u00e4\u00df \u00a7 45 BMG rilasciata dal Comune tedesco di residenza con l\u2019indicazione delle cittadinanze possedute e della data di arrivo in Germania<\/li>\n<\/ol>\n<p>la Cancelleria consolare si riserva il diritto di chiedere ulteriore documentazione qualora lo ritenga necessario.<\/p>\n<p>L\u2019acquisto della cittadinanza a seguito di dichiarazione di volont\u00e0 \u00e8 soggetto al pagamento di un contributo di\u00a0<strong>Euro 250,00<\/strong>\u00a0per ciascun minore.<\/p>\n<p>Si ricorda che in questo caso\u00a0<strong>il minore non acquista la cittadinanza dal momento della nascita, ma dal giorno successivo alla dichiarazione dei genitori<\/strong>.<\/p>\n<p>Si noti bene che se i genitori del minore decidono di non effettuare la suddetta dichiarazione, si ritiene comunque che il minore possegga un\u2019altra cittadinanza e pertanto non avr\u00e0 diritto alla trasmissione della cittadinanza italiana con questo criterio.<\/p>\n<p><strong>Si ribadisce che le modifiche normative in materia di cittadinanza escludono la trasmissione della cittadinanza italiana se il minore nato all\u2019estero da genitore italiano non rientra in una delle categorie sopra esposte.<\/strong><\/p>\n<p>&nbsp;<\/p>\n<p><strong>A) MODALIT\u00c0 DI PRESENTAZIONE DELLA RICHIESTA DI TRASCRIZIONE<\/strong><\/p>\n<p>La richiesta pu\u00f2 essere presentata di persona o inviata per posta direttamente all`Agenzia Consolare al seguente indirizzo:<\/p>\n<p>Agenzia Consolare d\u2019Italia Wolfsburg<br \/>\nGoethestra\u00dfe 52, 38440 Wolfsburg<\/p>\n<p>Oppure inviata via mail al seguente indirizzo:<br \/>\n<a href=\"mailto:statocivile.wolfsburg@esteri.it\" target=\"_blank\" rel=\"noopener\">statocivile.wolfsburg@esteri.it\u00a0<\/a><\/p>\n<p>&nbsp;<\/p>\n<p><strong>B) DOCUMENTAZIONE DA SPEDIRE PER REGISTRARE UNA NASCITA AVVENUTA IN GERMANIA<\/strong><\/p>\n<ul>\n<li>modulo di richiesta debitamente compilato e firmato da entrambi i genitori del minore (<a href=\"https:\/\/conswolfsburg.esteri.it\/wp-content\/uploads\/2025\/06\/RICHIESTA-TRASCRIZIONE-ATTO-DI-NASCITA.pdf\" target=\"_blank\" rel=\"noopener\">modulo di domanda<\/a>)<\/li>\n<li>fotocopia dei documenti d\u2019identit\u00e0 dei genitori<\/li>\n<li>giustificativo della richiesta di trascrizione a seconda del caso (vedi casistica sopraindicata)<\/li>\n<li>atto di nascita in originale del minore su modello internazionale plurilingue (Internationale<br \/>\nGeburtsurkunde)<\/li>\n<\/ul>\n<p><strong>Per i figli nati fuori dal matrimonio<\/strong> oltre alla documentazione suindicata:<\/p>\n<ul>\n<li>riconoscimento di maternit\u00e0 (Mutterschaftsanerkennung) <strong>in originale<\/strong> o beglaubigte Kopie<br \/>\n(copia certificata conforme all\u2019originale) con allegata <strong>traduzione in italiano<\/strong><\/li>\n<li>riconoscimento di paternit\u00e0 (Vaterschaftsanerkennung) <strong>in originale<\/strong> o beglaubigte Kopie (copia<br \/>\ncertificata conforme all\u2019originale) con allegata <strong>traduzione in italiano<\/strong><\/li>\n<\/ul>\n<p>Un elenco di <a href=\"https:\/\/conswolfsburg.esteri.it\/wp-content\/uploads\/2024\/10\/Interpreti_e_traduttori_08102024.pdf\" target=\"_blank\" rel=\"noopener\">traduttori giurati<\/a> \u00e8 disponibile sul nostro sito.<\/p>\n<p>Per ulteriori informazioni \u00e8 possibile contattare l\u2019ufficio competente<br \/>\n\u2013 per e-mail: <a href=\"mailto:statocivile.wolfsburg@esteri.it\" target=\"_blank\" rel=\"noopener\">statocivile.wolfsburg@esteri.it<\/a><br \/>\n\u2013 per telefono: <strong>(05361) 60094-27<\/strong><\/p>\n","protected":false},"excerpt":{"rendered":"A seguito della conversione in Legge del DL n.36\/2025, la cittadinanza italiana\u00a0non si trasmette pi\u00f9 automaticamente\u00a0ai minori nati all\u2019estero, ma si trasmette soltanto se ricorre una delle condizioni di seguito elencate. Il minore\u00a0nato all\u2019estero\u00a0da genitore\/i italiano\/i\u00a0\u00e8 cittadino italiano se: non \u00e8 in possesso di altra cittadinanza, \u00e8 cio\u00e8 esclusivamente cittadino italiano. In questo caso, insieme [&hellip;]","protected":false},"author":9,"featured_media":0,"parent":954,"menu_order":0,"comment_status":"closed","ping_status":"closed","template":"","meta":{"footnotes":""},"class_list":["post-4180","page","type-page","status-publish","hentry"],"_links":{"self":[{"href":"https:\/\/conswolfsburg.esteri.it\/it\/wp-json\/wp\/v2\/pages\/4180","targetHints":{"allow":["GET"]}}],"collection":[{"href":"https:\/\/conswolfsburg.esteri.it\/it\/wp-json\/wp\/v2\/pages"}],"about":[{"href":"https:\/\/conswolfsburg.esteri.it\/it\/wp-json\/wp\/v2\/types\/page"}],"author":[{"embeddable":true,"href":"https:\/\/conswolfsburg.esteri.it\/it\/wp-json\/wp\/v2\/users\/9"}],"replies":[{"embeddable":true,"href":"https:\/\/conswolfsburg.esteri.it\/it\/wp-json\/wp\/v2\/comments?post=4180"}],"version-history":[{"count":3,"href":"https:\/\/conswolfsburg.esteri.it\/it\/wp-json\/wp\/v2\/pages\/4180\/revisions"}],"predecessor-version":[{"id":4193,"href":"https:\/\/conswolfsburg.esteri.it\/it\/wp-json\/wp\/v2\/pages\/4180\/revisions\/4193"}],"up":[{"embeddable":true,"href":"https:\/\/conswolfsburg.esteri.it\/it\/wp-json\/wp\/v2\/pages\/954"}],"wp:attachment":[{"href":"https:\/\/conswolfsburg.esteri.it\/it\/wp-json\/wp\/v2\/media?parent=4180"}],"curies":[{"name":"wp","href":"https:\/\/api.w.org\/{rel}","templated":true}]}}