{"id":4264,"date":"2026-01-08T15:00:55","date_gmt":"2026-01-08T14:00:55","guid":{"rendered":"https:\/\/conswolfsburg.esteri.it\/?page_id=4264"},"modified":"2026-01-08T15:02:43","modified_gmt":"2026-01-08T14:02:43","slug":"attribuzione-del-cognome","status":"publish","type":"page","link":"https:\/\/conswolfsburg.esteri.it\/it\/servizi-consolari-e-visti\/servizi-per-il-cittadino-italiano\/minori\/attribuzione-del-cognome\/","title":{"rendered":"Attribuzione del cognome"},"content":{"rendered":"<p>A partire dal 29.12.2016, a seguito della sentenza della Corte costituzionale n. 286, pubblicata nella Gazzetta Ufficiale il 28 dicembre 2016, \u00e8 possibile aggiungere al cognome del padre, quello della madre. Ci\u00f2 a condizione che vi sia una esplicita manifestazione di volont\u00e0 da parte di entrambi i genitori. In questo caso \u00e8 bene fare tale dichiarazione direttamente all&#8217;Ufficiale dello stato civile tedesco al momento della dichiarazione della nascita.<\/p>\n<p>&nbsp;<\/p>\n","protected":false},"excerpt":{"rendered":"A partire dal 29.12.2016, a seguito della sentenza della Corte costituzionale n. 286, pubblicata nella Gazzetta Ufficiale il 28 dicembre 2016, \u00e8 possibile aggiungere al cognome del padre, quello della madre. Ci\u00f2 a condizione che vi sia una esplicita manifestazione di volont\u00e0 da parte di entrambi i genitori. In questo caso \u00e8 bene fare tale [&hellip;]","protected":false},"author":9,"featured_media":0,"parent":954,"menu_order":0,"comment_status":"closed","ping_status":"closed","template":"","meta":{"footnotes":""},"class_list":["post-4264","page","type-page","status-publish","hentry"],"_links":{"self":[{"href":"https:\/\/conswolfsburg.esteri.it\/it\/wp-json\/wp\/v2\/pages\/4264","targetHints":{"allow":["GET"]}}],"collection":[{"href":"https:\/\/conswolfsburg.esteri.it\/it\/wp-json\/wp\/v2\/pages"}],"about":[{"href":"https:\/\/conswolfsburg.esteri.it\/it\/wp-json\/wp\/v2\/types\/page"}],"author":[{"embeddable":true,"href":"https:\/\/conswolfsburg.esteri.it\/it\/wp-json\/wp\/v2\/users\/9"}],"replies":[{"embeddable":true,"href":"https:\/\/conswolfsburg.esteri.it\/it\/wp-json\/wp\/v2\/comments?post=4264"}],"version-history":[{"count":2,"href":"https:\/\/conswolfsburg.esteri.it\/it\/wp-json\/wp\/v2\/pages\/4264\/revisions"}],"predecessor-version":[{"id":4270,"href":"https:\/\/conswolfsburg.esteri.it\/it\/wp-json\/wp\/v2\/pages\/4264\/revisions\/4270"}],"up":[{"embeddable":true,"href":"https:\/\/conswolfsburg.esteri.it\/it\/wp-json\/wp\/v2\/pages\/954"}],"wp:attachment":[{"href":"https:\/\/conswolfsburg.esteri.it\/it\/wp-json\/wp\/v2\/media?parent=4264"}],"curies":[{"name":"wp","href":"https:\/\/api.w.org\/{rel}","templated":true}]}}