{"id":4271,"date":"2026-01-08T15:04:03","date_gmt":"2026-01-08T14:04:03","guid":{"rendered":"https:\/\/conswolfsburg.esteri.it\/?page_id=4271"},"modified":"2026-01-08T15:04:03","modified_gmt":"2026-01-08T14:04:03","slug":"responsabilita-genitoriale","status":"publish","type":"page","link":"https:\/\/conswolfsburg.esteri.it\/it\/servizi-consolari-e-visti\/servizi-per-il-cittadino-italiano\/minori\/responsabilita-genitoriale\/","title":{"rendered":"Responsabilit\u00e0 genitoriale"},"content":{"rendered":"<p>L\u2019ordinamento tedesco attribuisce in via esclusiva alla madre la responsabilit\u00e0 genitoriale dei figli di coppie non sposate, anche se il padre ha fatto il riconoscimento di paternit\u00e0. Il padre pu\u00f2 ottenere la responsabilit\u00e0 genitoriale congiunta solo con l\u2019assenso della madre. In caso di diniego potr\u00e0 ricorrere esclusivamente in Tribunale.<\/p>\n<p>Si suggerisce pertanto alle coppie non sposate di richiedere allo Jugendamt competente l&#8217;attribuzione congiunta della responsabilit\u00e0 genitoriale (gemeinsames Sorgerecht), sin dall&#8217;arrivo in Germania o immediatamente prima della nascita del\/la figlio\/a.<\/p>\n","protected":false},"excerpt":{"rendered":"L\u2019ordinamento tedesco attribuisce in via esclusiva alla madre la responsabilit\u00e0 genitoriale dei figli di coppie non sposate, anche se il padre ha fatto il riconoscimento di paternit\u00e0. Il padre pu\u00f2 ottenere la responsabilit\u00e0 genitoriale congiunta solo con l\u2019assenso della madre. In caso di diniego potr\u00e0 ricorrere esclusivamente in Tribunale. Si suggerisce pertanto alle coppie non [&hellip;]","protected":false},"author":9,"featured_media":0,"parent":954,"menu_order":0,"comment_status":"closed","ping_status":"closed","template":"","meta":{"footnotes":""},"class_list":["post-4271","page","type-page","status-publish","hentry"],"_links":{"self":[{"href":"https:\/\/conswolfsburg.esteri.it\/it\/wp-json\/wp\/v2\/pages\/4271","targetHints":{"allow":["GET"]}}],"collection":[{"href":"https:\/\/conswolfsburg.esteri.it\/it\/wp-json\/wp\/v2\/pages"}],"about":[{"href":"https:\/\/conswolfsburg.esteri.it\/it\/wp-json\/wp\/v2\/types\/page"}],"author":[{"embeddable":true,"href":"https:\/\/conswolfsburg.esteri.it\/it\/wp-json\/wp\/v2\/users\/9"}],"replies":[{"embeddable":true,"href":"https:\/\/conswolfsburg.esteri.it\/it\/wp-json\/wp\/v2\/comments?post=4271"}],"version-history":[{"count":1,"href":"https:\/\/conswolfsburg.esteri.it\/it\/wp-json\/wp\/v2\/pages\/4271\/revisions"}],"predecessor-version":[{"id":4274,"href":"https:\/\/conswolfsburg.esteri.it\/it\/wp-json\/wp\/v2\/pages\/4271\/revisions\/4274"}],"up":[{"embeddable":true,"href":"https:\/\/conswolfsburg.esteri.it\/it\/wp-json\/wp\/v2\/pages\/954"}],"wp:attachment":[{"href":"https:\/\/conswolfsburg.esteri.it\/it\/wp-json\/wp\/v2\/media?parent=4271"}],"curies":[{"name":"wp","href":"https:\/\/api.w.org\/{rel}","templated":true}]}}