{"id":4279,"date":"2026-01-08T15:07:43","date_gmt":"2026-01-08T14:07:43","guid":{"rendered":"https:\/\/conswolfsburg.esteri.it\/?page_id=4279"},"modified":"2026-01-08T15:08:18","modified_gmt":"2026-01-08T14:08:18","slug":"viaggio-di-minori-non-accompagnati","status":"publish","type":"page","link":"https:\/\/conswolfsburg.esteri.it\/it\/servizi-consolari-e-visti\/servizi-per-il-cittadino-italiano\/minori\/viaggio-di-minori-non-accompagnati\/","title":{"rendered":"Viaggio di minori non accompagnati"},"content":{"rendered":"<p><u>Minori di cittadinanza italiana<\/u><\/p>\n<p>Il cittadino italiano minore di 14 che viaggi fuori del Paese di residenza non accompagnato da almeno un titolare della responsabilit\u00e0 genitoriale deve essere munito di un\u2019attestazione di accompagnamento in cui figurino le generalit\u00e0 della\/e persona\/e, dell\u2019ente o della compagnia di trasporto a cui viene affidato.<br \/>\nL\u2019attestazione viene rilasciata su richiesta sottoscritta da tutti coloro che secondo l\u2019ordinamento italiano risultino titolari della responsabilit\u00e0 genitoriale. Avr\u00e0 una validit\u00e0 limitata ad un solo viaggio e non potr\u00e0 comunque superare i sei mesi.<\/p>\n<p>La richiesta dovr\u00e0 essere presentata all&#8217;Agenzia Consolare per posta ordinaria o per e-mail, unitamente a:<\/p>\n<ul>\n<li>copia del documento di identit\u00e0 del minore;<\/li>\n<li>copia del documento di identit\u00e0 dei titolari della responsabilit\u00e0 genitoriale;<\/li>\n<li>copia del documento di identit\u00e0 della\/e persona\/e alla\/e quale\/i il minore viene affidato (non necessaria in caso di affidamento ad una compagnia di trasporto).<\/li>\n<\/ul>\n<p><u>Minori in possesso della sola cittadinanza tedesca<\/u><strong><br \/>\n<\/strong>Per i minori in possesso della sola cittadinanza tedesca che si rechino in Italia non accompagnati da almeno uno dei titolari della responsabilit\u00e0 genitoriale si suggerisce di avvalersi del\u00a0<a href=\"https:\/\/italien.diplo.de\/it-de\/service\/07-KonsularinfoA-Z\/-\/1589544\" target=\"_blank\" rel=\"noopener\">modulo scaricabile dal sito dell\u2019Ambasciata tedesca a Roma<\/a>, da presentare alla competente autorit\u00e0 tedesca.<\/p>\n","protected":false},"excerpt":{"rendered":"Minori di cittadinanza italiana Il cittadino italiano minore di 14 che viaggi fuori del Paese di residenza non accompagnato da almeno un titolare della responsabilit\u00e0 genitoriale deve essere munito di un\u2019attestazione di accompagnamento in cui figurino le generalit\u00e0 della\/e persona\/e, dell\u2019ente o della compagnia di trasporto a cui viene affidato. L\u2019attestazione viene rilasciata su richiesta [&hellip;]","protected":false},"author":9,"featured_media":0,"parent":954,"menu_order":0,"comment_status":"closed","ping_status":"closed","template":"","meta":{"footnotes":""},"class_list":["post-4279","page","type-page","status-publish","hentry"],"_links":{"self":[{"href":"https:\/\/conswolfsburg.esteri.it\/it\/wp-json\/wp\/v2\/pages\/4279","targetHints":{"allow":["GET"]}}],"collection":[{"href":"https:\/\/conswolfsburg.esteri.it\/it\/wp-json\/wp\/v2\/pages"}],"about":[{"href":"https:\/\/conswolfsburg.esteri.it\/it\/wp-json\/wp\/v2\/types\/page"}],"author":[{"embeddable":true,"href":"https:\/\/conswolfsburg.esteri.it\/it\/wp-json\/wp\/v2\/users\/9"}],"replies":[{"embeddable":true,"href":"https:\/\/conswolfsburg.esteri.it\/it\/wp-json\/wp\/v2\/comments?post=4279"}],"version-history":[{"count":2,"href":"https:\/\/conswolfsburg.esteri.it\/it\/wp-json\/wp\/v2\/pages\/4279\/revisions"}],"predecessor-version":[{"id":4283,"href":"https:\/\/conswolfsburg.esteri.it\/it\/wp-json\/wp\/v2\/pages\/4279\/revisions\/4283"}],"up":[{"embeddable":true,"href":"https:\/\/conswolfsburg.esteri.it\/it\/wp-json\/wp\/v2\/pages\/954"}],"wp:attachment":[{"href":"https:\/\/conswolfsburg.esteri.it\/it\/wp-json\/wp\/v2\/media?parent=4279"}],"curies":[{"name":"wp","href":"https:\/\/api.w.org\/{rel}","templated":true}]}}