{"id":4598,"date":"2026-01-29T17:04:03","date_gmt":"2026-01-29T16:04:03","guid":{"rendered":"https:\/\/conswolfsburg.esteri.it\/?page_id=4598"},"modified":"2026-01-29T17:18:42","modified_gmt":"2026-01-29T16:18:42","slug":"gennaio","status":"publish","type":"page","link":"https:\/\/conswolfsburg.esteri.it\/it\/italia-e-germania\/diplomazia-culturale\/lingua-e-cultura-italiana\/manifestazioni\/gennaio\/","title":{"rendered":"Gennaio"},"content":{"rendered":"<p><strong>Venerd\u00ec 30\/01 \u2013 ore 17.00 \/ 19.00 \u2013 Kunstmuseum Wolfsburg, Hollerplatz 1, 38440 Wolfsburg<\/strong><\/p>\n<p><strong>Kunst &amp; Musica, visita guidata e concerto\u00a0<\/strong><\/p>\n<p><a href=\"https:\/\/conswolfsburg.esteri.it\/wp-content\/uploads\/2026\/01\/Kunst-Musica-Il_Rossignolo.pdf\" target=\"_blank\" rel=\"noopener\"><img loading=\"lazy\" decoding=\"async\" class=\"alignleft size-medium wp-image-4220 img-fluid\" src=\"https:\/\/conswolfsburg.esteri.it\/wp-content\/uploads\/2026\/01\/Cover_Kunst-Musica-Il_Rossignolo-150x300.jpg\" sizes=\"auto, (max-width: 150px) 100vw, 150px\" srcset=\"https:\/\/conswolfsburg.esteri.it\/wp-content\/uploads\/2026\/01\/Cover_Kunst-Musica-Il_Rossignolo-150x300.jpg 150w, https:\/\/conswolfsburg.esteri.it\/wp-content\/uploads\/2026\/01\/Cover_Kunst-Musica-Il_Rossignolo-512x1024.jpg 512w, https:\/\/conswolfsburg.esteri.it\/wp-content\/uploads\/2026\/01\/Cover_Kunst-Musica-Il_Rossignolo-768x1535.jpg 768w, https:\/\/conswolfsburg.esteri.it\/wp-content\/uploads\/2026\/01\/Cover_Kunst-Musica-Il_Rossignolo.jpg 1264w\" alt=\"\" width=\"150\" height=\"300\" \/><\/a><\/p>\n<p>Visita guidata esclusiva alla mostra di\u00a0<strong><em>Ma\u0142gorzata Mirga-Tas. Una storia alternativa<\/em><\/strong>\u00a0seguita da un concerto. Durante la visita guidata con una guida del team di mediazione del museo d\u2019arte, a partire dalle ore 17 potrete ammirare l\u2019affascinante e variegata mostra dell\u2019artista polacca.<\/p>\n<p>Dopo una breve pausa, alle ore 19.00 vi attende l\u2019ensemble\u00a0<strong>\u201cIl Rossignolo\u201d<\/strong>, accompagnato dalla soprano\u00a0<strong>Eilika W\u00fcnsch<\/strong>, per una serata di musica italiana. L\u2019ensemble Il Rossignolo \u00e8 considerato uno dei pi\u00f9 importanti ensemble italiani nel campo della musica antica. \u00c8 specializzato nella musica rinascimentale e barocca, suonata con strumenti storici.<\/p>\n<p>Organizzatori: Agenzia Consolare d\u2019Italia Wolfsburg, Kunstmuseum Wolfsburg in collaborazione con l\u2019associazione degli Amici della cultura italiana Wolfsburg e.V., con il sostegno della Citt\u00e0 di Wolfsburg e Volkswagen Group.<\/p>\n<p>&nbsp;<\/p>\n<p>visita guidata e concerto (ore 17.00) 25.00 \u20ac<\/p>\n<p>solo concerto (ore 19.00) 10,00 \u20ac<\/p>\n<p>I biglietti sono gi\u00e0 in vendita su\u00a0<a href=\"https:\/\/www.eventim-light.com\/de\/a\/5db7fd6829170500015afa04\/e\/68d147a5a5c93f571da1522c\" target=\"_blank\" rel=\"noopener\"><strong>eventim.de<\/strong><\/a><\/p>\n","protected":false},"excerpt":{"rendered":"Venerd\u00ec 30\/01 \u2013 ore 17.00 \/ 19.00 \u2013 Kunstmuseum Wolfsburg, Hollerplatz 1, 38440 Wolfsburg Kunst &amp; Musica, visita guidata e concerto\u00a0 Visita guidata esclusiva alla mostra di\u00a0Ma\u0142gorzata Mirga-Tas. Una storia alternativa\u00a0seguita da un concerto. Durante la visita guidata con una guida del team di mediazione del museo d\u2019arte, a partire dalle ore 17 potrete ammirare [&hellip;]","protected":false},"author":9,"featured_media":0,"parent":318,"menu_order":1,"comment_status":"closed","ping_status":"closed","template":"","meta":{"footnotes":""},"class_list":["post-4598","page","type-page","status-publish","hentry"],"_links":{"self":[{"href":"https:\/\/conswolfsburg.esteri.it\/it\/wp-json\/wp\/v2\/pages\/4598","targetHints":{"allow":["GET"]}}],"collection":[{"href":"https:\/\/conswolfsburg.esteri.it\/it\/wp-json\/wp\/v2\/pages"}],"about":[{"href":"https:\/\/conswolfsburg.esteri.it\/it\/wp-json\/wp\/v2\/types\/page"}],"author":[{"embeddable":true,"href":"https:\/\/conswolfsburg.esteri.it\/it\/wp-json\/wp\/v2\/users\/9"}],"replies":[{"embeddable":true,"href":"https:\/\/conswolfsburg.esteri.it\/it\/wp-json\/wp\/v2\/comments?post=4598"}],"version-history":[{"count":3,"href":"https:\/\/conswolfsburg.esteri.it\/it\/wp-json\/wp\/v2\/pages\/4598\/revisions"}],"predecessor-version":[{"id":4646,"href":"https:\/\/conswolfsburg.esteri.it\/it\/wp-json\/wp\/v2\/pages\/4598\/revisions\/4646"}],"up":[{"embeddable":true,"href":"https:\/\/conswolfsburg.esteri.it\/it\/wp-json\/wp\/v2\/pages\/318"}],"wp:attachment":[{"href":"https:\/\/conswolfsburg.esteri.it\/it\/wp-json\/wp\/v2\/media?parent=4598"}],"curies":[{"name":"wp","href":"https:\/\/api.w.org\/{rel}","templated":true}]}}