{"id":4601,"date":"2026-01-29T17:04:44","date_gmt":"2026-01-29T16:04:44","guid":{"rendered":"https:\/\/conswolfsburg.esteri.it\/?page_id=4601"},"modified":"2026-01-29T17:19:04","modified_gmt":"2026-01-29T16:19:04","slug":"febbraio","status":"publish","type":"page","link":"https:\/\/conswolfsburg.esteri.it\/it\/italia-e-germania\/diplomazia-culturale\/lingua-e-cultura-italiana\/manifestazioni\/febbraio\/","title":{"rendered":"Febbraio"},"content":{"rendered":"<p><strong>Mercoled\u00ec 04\/02 \u2013 ore 19.30 \u2013\u00a0Cinema Delphin-Palast Wolfsburg, Porschestr. 39, 38440 Wolfsburg<\/strong><\/p>\n<p>Film in lingua italiana:\u00a0<strong><em>Il diritto alla felicit\u00e0\u00a0<\/em><\/strong>\u2013 Dramma IT 2019, Regia: Claudio Rossi Massimi (90 min.)<\/p>\n<p><img loading=\"lazy\" decoding=\"async\" class=\"img-fluid wp-image-4292 size-medium alignnone\" src=\"https:\/\/conswolfsburg.esteri.it\/wp-content\/uploads\/2026\/01\/il_diritto_alla_felicita-212x300.jpg\" sizes=\"auto, (max-width: 212px) 100vw, 212px\" srcset=\"https:\/\/conswolfsburg.esteri.it\/wp-content\/uploads\/2026\/01\/il_diritto_alla_felicita-212x300.jpg 212w, https:\/\/conswolfsburg.esteri.it\/wp-content\/uploads\/2026\/01\/il_diritto_alla_felicita.jpg 595w\" alt=\"\" width=\"212\" height=\"300\" \/><\/p>\n<p>Libero \u00e8 un appassionato venditore di libri usati ed Essien \u00e8 un ragazzino immigrato che vive in Italia da qualche anno. L\u2019amicizia tra i due passa attraverso i libri che Libero presta ad Essien e la complicit\u00e0 tra loro cresce parallelamente alle emozioni che ciascuno di questi romanzi pu\u00f2 regalare. Essien incontra l\u2019occidente attraverso la sua letteratura, Libero porta a compimento il significato del suo nome cercando di fare di Essien un uomo libero. La vita, con i suoi comandamenti, porr\u00e0 un finale malinconico ma nulla \u00e8 perduto dove c\u2019\u00e8 complicit\u00e0 e affetto.<\/p>\n<p><strong>Ingresso 5,- \u20ac<\/strong>, i biglietti sono reperibili a partire dal 21 gennaio durante gli orari di apertura presso il cinema Delphin Palast di Wolfsburg e la sera della proiezione alla cassa, fino ad esaurimento.<\/p>\n<p>Organizzatori: Agenzia Consolare d\u2019Italia Wolfsburg, Amici della Cultura Italiana Wolfsburg e.V., con il gentile sostegno di: Citt\u00e0 di Wolfsburg, Volkswagen Group.<\/p>\n<p>&nbsp;<\/p>\n<p><strong>Venerd\u00ec 20\/02 \u2013 ore 19:00 \u2013 KulturKirche St. Marien, Schlo\u00dfstr. 15, 38448 Wolfsburg<\/strong><\/p>\n<p><a href=\"https:\/\/conswolfsburg.esteri.it\/wp-content\/uploads\/2026\/01\/NoemiLaTerra_Naufragium.png\" target=\"_blank\" rel=\"noopener\"><img loading=\"lazy\" decoding=\"async\" class=\" wp-image-4377 img-fluid alignleft\" src=\"https:\/\/conswolfsburg.esteri.it\/wp-content\/uploads\/2026\/01\/NoemiLaTerra_Naufragium-300x169.png\" sizes=\"auto, (max-width: 334px) 100vw, 334px\" srcset=\"https:\/\/conswolfsburg.esteri.it\/wp-content\/uploads\/2026\/01\/NoemiLaTerra_Naufragium-300x169.png 300w, https:\/\/conswolfsburg.esteri.it\/wp-content\/uploads\/2026\/01\/NoemiLaTerra_Naufragium-1024x576.png 1024w, https:\/\/conswolfsburg.esteri.it\/wp-content\/uploads\/2026\/01\/NoemiLaTerra_Naufragium-768x432.png 768w, https:\/\/conswolfsburg.esteri.it\/wp-content\/uploads\/2026\/01\/NoemiLaTerra_Naufragium.png 1280w\" alt=\"\" width=\"334\" height=\"188\" \/><\/a><\/p>\n<p><strong>Concerto: Naufragium \u2013 Quartetto Noemi La Terra &amp; Z\u00e0gara \u2013 Racconto musicale di un naufrago in Sicilia<\/strong><\/p>\n<p>Scilla e Cariddi, due mostri che infestano lo Stretto di Messina e che si dice divorino intere navi, attaccano la nave del nostro viaggiatore. Nelle profonde correnti dello Stretto di Messina lo sconosciuto naufraga e la corrente lo spinge verso terra, dove inizia il suo viaggio attraverso quest\u2019isola a lui ancora sconosciuta e che presto diventer\u00e0 la sua patria.<\/p>\n<p><strong>Musica:<\/strong>\u00a0Noemi La Terra (voce, nacchere e shruti box), Hans-Richard Ludewig (fisarmonica), Erkin Cavus (chitarra) e Dietrich Z\u00f6llner (contrabbasso e violoncello).\u00a0<strong>Gusto:<\/strong>\u00a0vino Porto e tiramis\u00f9<\/p>\n<p><strong>Biglietti:<\/strong>\u00a012 \u20ac alla cassa, 10 \u20ac in prevendita disponibili presso il\u00a0<strong>Gemeindeb\u00fcro der Nordstadtgemeinde<\/strong>, Schlo\u00dfstrasse 15, 38448 Wolfsburg \u2013 Tel.: 05361-61262 o 05361-8906960<br \/>\nOrari di apertura: marted\u00ec, mercoled\u00ec, venerd\u00ec: 9.00 \u2013 12.30, gioved\u00ec: 10.00 \u2013 12.30. La prevendita \u00e8 possibile solo di persona presso l\u2019ufficio parrocchiale. Non \u00e8 possibile prenotare o riservare i biglietti per telefono.<\/p>\n<p>Organizzatori: Agenzia Consolare Italiana di Wolfsburg, KulturKirche St. Marien Wolfsburg, AMICI der Italienischen Kultur in Wolfsburg e.V. con il gentile sostegno della citt\u00e0 di Wolfsburg e del Gruppo Volkswagen.<\/p>\n","protected":false},"excerpt":{"rendered":"Mercoled\u00ec 04\/02 \u2013 ore 19.30 \u2013\u00a0Cinema Delphin-Palast Wolfsburg, Porschestr. 39, 38440 Wolfsburg Film in lingua italiana:\u00a0Il diritto alla felicit\u00e0\u00a0\u2013 Dramma IT 2019, Regia: Claudio Rossi Massimi (90 min.) Libero \u00e8 un appassionato venditore di libri usati ed Essien \u00e8 un ragazzino immigrato che vive in Italia da qualche anno. L\u2019amicizia tra i due passa attraverso [&hellip;]","protected":false},"author":9,"featured_media":0,"parent":318,"menu_order":2,"comment_status":"closed","ping_status":"closed","template":"","meta":{"footnotes":""},"class_list":["post-4601","page","type-page","status-publish","hentry"],"_links":{"self":[{"href":"https:\/\/conswolfsburg.esteri.it\/it\/wp-json\/wp\/v2\/pages\/4601","targetHints":{"allow":["GET"]}}],"collection":[{"href":"https:\/\/conswolfsburg.esteri.it\/it\/wp-json\/wp\/v2\/pages"}],"about":[{"href":"https:\/\/conswolfsburg.esteri.it\/it\/wp-json\/wp\/v2\/types\/page"}],"author":[{"embeddable":true,"href":"https:\/\/conswolfsburg.esteri.it\/it\/wp-json\/wp\/v2\/users\/9"}],"replies":[{"embeddable":true,"href":"https:\/\/conswolfsburg.esteri.it\/it\/wp-json\/wp\/v2\/comments?post=4601"}],"version-history":[{"count":2,"href":"https:\/\/conswolfsburg.esteri.it\/it\/wp-json\/wp\/v2\/pages\/4601\/revisions"}],"predecessor-version":[{"id":4648,"href":"https:\/\/conswolfsburg.esteri.it\/it\/wp-json\/wp\/v2\/pages\/4601\/revisions\/4648"}],"up":[{"embeddable":true,"href":"https:\/\/conswolfsburg.esteri.it\/it\/wp-json\/wp\/v2\/pages\/318"}],"wp:attachment":[{"href":"https:\/\/conswolfsburg.esteri.it\/it\/wp-json\/wp\/v2\/media?parent=4601"}],"curies":[{"name":"wp","href":"https:\/\/api.w.org\/{rel}","templated":true}]}}