{"id":4608,"date":"2026-01-29T17:06:24","date_gmt":"2026-01-29T16:06:24","guid":{"rendered":"https:\/\/conswolfsburg.esteri.it\/?page_id=4608"},"modified":"2026-03-24T10:26:48","modified_gmt":"2026-03-24T09:26:48","slug":"aprile","status":"publish","type":"page","link":"https:\/\/conswolfsburg.esteri.it\/it\/italia-e-germania\/diplomazia-culturale\/lingua-e-cultura-italiana\/manifestazioni\/aprile\/","title":{"rendered":"Aprile"},"content":{"rendered":"<p><span style=\"text-decoration: underline;\"><strong>Domenica 26\/04 &#8211; ore 19.00 &#8211; Castello di Wolfsburg, Gartensaal, Schlo\u00dfstr. 8, 38448 Wolfsburg<\/strong><\/span><\/p>\n<p><a href=\"https:\/\/conswolfsburg.esteri.it\/wp-content\/uploads\/2026\/03\/Trio_Dario_Napoli_260426.pdf\" target=\"_blank\" rel=\"noopener\"><strong>Concerto: Trio Dario Napoli<\/strong><\/a><\/p>\n<p><img loading=\"lazy\" decoding=\"async\" class=\"img-fluid alignleft wp-image-4867 size-medium\" src=\"https:\/\/conswolfsburg.esteri.it\/wp-content\/uploads\/2026\/02\/DarioNapoli3web-300x230.jpg\" alt=\"\" width=\"300\" height=\"230\" srcset=\"https:\/\/conswolfsburg.esteri.it\/wp-content\/uploads\/2026\/02\/DarioNapoli3web-300x230.jpg 300w, https:\/\/conswolfsburg.esteri.it\/wp-content\/uploads\/2026\/02\/DarioNapoli3web-1024x787.jpg 1024w, https:\/\/conswolfsburg.esteri.it\/wp-content\/uploads\/2026\/02\/DarioNapoli3web-768x590.jpg 768w, https:\/\/conswolfsburg.esteri.it\/wp-content\/uploads\/2026\/02\/DarioNapoli3web.jpg 1294w\" sizes=\"auto, (max-width: 300px) 100vw, 300px\" \/><\/p>\n<p>Dario Napoli (chitarra solista), Benji Winterstein (chitarra ritmica), Tonino de Sensi (basso)<\/p>\n<p>Immaginate che Django Reinhardt acquisisca l\u2019uso delle cinque dita e incontri nel suo cammino artistico Jaco Pastorius: swing semi acustico e groove bollente!<\/p>\n<p>Nonostante Django sia l&#8217;ispirazione principale dietro al trio, nel suo progetto, il siciliano di nascita e Milanese d\u2019adozione Dario Napoli include influenze pi\u00f9 contemporanee nella sua versione di swing zingaro, introducendo elementi di stili musicali pi\u00f9 moderni come bebop, funk e jazz moderno. Il trio, con alla ritmica Benji Winterstein (considerato da molti il miglior chitarristica ritmico dell\u2019era moderna) e al basso elettrico il leggendario Tonino De Sensi, e\u2019 stato protagonista in diverse rassegne di rilievo sia di jazz che di jazz manouche, a JazzMi Triennale, Duc des Lombards a Parigi, Django in June (USA), Django Amsterdam alla Bimhuis, Djangofollies Bruxelles, Cloughtoberfest, Django sur Lennon, Cully Jazzfest, Eddie Lang Jazzfest, Pisa Jazz, Valdarno Jazz, Liverpool Philarmonic, Pizza Express London, ecc..<\/p>\n<p>Il risultato \u00e8 un suono imprevedibile ed esuberante, che ruba da varie epoche musicali e che conduce l\u2019ascoltatore attraverso una ricca e vibrante esperienza sonora, senza mai abbandonare del tutto l&#8217;impronta gitana di Django.<\/p>\n<p><a href=\"https:\/\/www.youtube.com\/watch?v=fnf3QchCrWk\" target=\"_blank\" rel=\"noopener\">https:\/\/www.youtube.com\/watch?v=fnf3QchCrWk<\/a><\/p>\n<p><strong>Biglietti gi\u00e0 in vendita in Agenzia Consolare\u00a0<\/strong><strong>(tel. 05361-6009412) <\/strong><strong>e alla cassa serale:<\/strong><\/p>\n<p><strong>10,00 \u20ac \/ ridotto (per soci) 5,00 \u20ac\u00a0<\/strong><\/p>\n<p>Organizzatori: Agenzia Consolare Italiana di Wolfsburg, AMICI der Italienischen Kultur in Wolfsburg e.V. con il gentile sostegno della citt\u00e0 di Wolfsburg e del Gruppo Volkswagen.<\/p>\n<p>&nbsp;<\/p>\n<p><span style=\"text-decoration: underline;\"><strong>Marted\u00ec 28\/04 &#8211; ore 19.00 &#8211; VHS Wolfsburg, Hugo-Junkers-Weg 5, Raum S01<\/strong><\/span><\/p>\n<p>Conferenza in lingua tedesca: <strong>Dott. Rodolfo Dolce, Italian Sounding e.V.\u00a0<\/strong><strong>\u201cDal Made in Italy all&#8217;Italian Sounding: finzione e realt\u00e0\u201d<\/strong><\/p>\n<p><a href=\"https:\/\/conswolfsburg.esteri.it\/wp-content\/uploads\/2026\/03\/Italian_Sounding_28_04_2026.pdf\" target=\"_blank\" rel=\"noopener\"><img loading=\"lazy\" decoding=\"async\" class=\"img-fluid alignleft wp-image-4994 size-medium\" src=\"https:\/\/conswolfsburg.esteri.it\/wp-content\/uploads\/2026\/03\/Italian_Sounding_28_04_2026-1-150x300.png\" alt=\"\" width=\"150\" height=\"300\" srcset=\"https:\/\/conswolfsburg.esteri.it\/wp-content\/uploads\/2026\/03\/Italian_Sounding_28_04_2026-1-150x300.png 150w, https:\/\/conswolfsburg.esteri.it\/wp-content\/uploads\/2026\/03\/Italian_Sounding_28_04_2026-1.png 433w\" sizes=\"auto, (max-width: 150px) 100vw, 150px\" \/><\/a><\/p>\n<p>I prodotti che sembrano \u201cMade in Italy\u201d ma che non hanno nulla a che vedere con l&#8217;Italia invadono i mercati, spesso con nomi, bandiere o simboli italiani. Infatti, molti nomi italiani non sono affatto italiani: cosa c&#8217;\u00e8 dietro? Nei supermercati, ma non solo, incontriamo prodotti che pubblicizzano il fascino italiano senza provenire realmente dall&#8217;Italia.<br \/>\nItalian Sounding e.V. \u00e8 un&#8217;associazione fondata da un&#8217;unione di imprese italiane che combatte in Germania l&#8217;abuso dilagante di denominazioni italianizzate per promuovere prodotti non italiani nel commercio alimentare e nella ristorazione, ma anche in altri settori come la moda e il design.<br \/>\nLa conferenza mette in evidenza le contraffazioni e illustra il fenomeno dell&#8217;Italian Sounding, le sue ripercussioni economiche e culturali e le conseguenze per i consumatori e i veri produttori italiani.<br \/>\nScoprite come il marketing gioca con l&#8217;identit\u00e0 e perch\u00e9 l&#8217;origine spesso significa molto pi\u00f9 di un nome che suona bene.<\/p>\n<p>Biglietti ingresso: 5,00 \u20ac acquistabili <a href=\"https:\/\/www.bildungshaus-wolfsburg.de\/vhs-kurse\/kw\/bereich\/kursdetails\/kurs\/261300001\/kursname\/Vom%20Made%20in%20Italy%20zum%20Italian%20Sounding%20Dichtung%20und%20Wahrheit\/kategorie-id\/730\/\" target=\"_blank\" rel=\"noopener\"><strong>qui\u00a0<\/strong><\/a><\/p>\n<p>Organizzatori: Agenzia Consolare Italiana di Wolfsburg, VHS Wolfsburg, AMICI der Italienischen Kultur in Wolfsburg e.V. con il gentile sostegno della citt\u00e0 di Wolfsburg e del Gruppo Volkswagen.<\/p>\n","protected":false},"excerpt":{"rendered":"Domenica 26\/04 &#8211; ore 19.00 &#8211; Castello di Wolfsburg, Gartensaal, Schlo\u00dfstr. 8, 38448 Wolfsburg Concerto: Trio Dario Napoli Dario Napoli (chitarra solista), Benji Winterstein (chitarra ritmica), Tonino de Sensi (basso) Immaginate che Django Reinhardt acquisisca l\u2019uso delle cinque dita e incontri nel suo cammino artistico Jaco Pastorius: swing semi acustico e groove bollente! Nonostante Django [&hellip;]","protected":false},"author":9,"featured_media":0,"parent":318,"menu_order":4,"comment_status":"closed","ping_status":"closed","template":"","meta":{"footnotes":""},"class_list":["post-4608","page","type-page","status-publish","hentry"],"_links":{"self":[{"href":"https:\/\/conswolfsburg.esteri.it\/it\/wp-json\/wp\/v2\/pages\/4608","targetHints":{"allow":["GET"]}}],"collection":[{"href":"https:\/\/conswolfsburg.esteri.it\/it\/wp-json\/wp\/v2\/pages"}],"about":[{"href":"https:\/\/conswolfsburg.esteri.it\/it\/wp-json\/wp\/v2\/types\/page"}],"author":[{"embeddable":true,"href":"https:\/\/conswolfsburg.esteri.it\/it\/wp-json\/wp\/v2\/users\/9"}],"replies":[{"embeddable":true,"href":"https:\/\/conswolfsburg.esteri.it\/it\/wp-json\/wp\/v2\/comments?post=4608"}],"version-history":[{"count":7,"href":"https:\/\/conswolfsburg.esteri.it\/it\/wp-json\/wp\/v2\/pages\/4608\/revisions"}],"predecessor-version":[{"id":4999,"href":"https:\/\/conswolfsburg.esteri.it\/it\/wp-json\/wp\/v2\/pages\/4608\/revisions\/4999"}],"up":[{"embeddable":true,"href":"https:\/\/conswolfsburg.esteri.it\/it\/wp-json\/wp\/v2\/pages\/318"}],"wp:attachment":[{"href":"https:\/\/conswolfsburg.esteri.it\/it\/wp-json\/wp\/v2\/media?parent=4608"}],"curies":[{"name":"wp","href":"https:\/\/api.w.org\/{rel}","templated":true}]}}