{"id":4613,"date":"2026-01-29T17:06:49","date_gmt":"2026-01-29T16:06:49","guid":{"rendered":"https:\/\/conswolfsburg.esteri.it\/?page_id=4613"},"modified":"2026-04-14T12:46:10","modified_gmt":"2026-04-14T10:46:10","slug":"maggio","status":"publish","type":"page","link":"https:\/\/conswolfsburg.esteri.it\/it\/italia-e-germania\/diplomazia-culturale\/lingua-e-cultura-italiana\/manifestazioni\/maggio\/","title":{"rendered":"Maggio"},"content":{"rendered":"<p><span style=\"text-decoration: underline;\"><strong>Domenica 10\/05 &#8211; ore 12.00 &#8211; Castello di Wolfsburg, Gartensaal, Schlo\u00dfstr. 8, 38448 Wolfsburg<\/strong><\/span><\/p>\n<p><img loading=\"lazy\" decoding=\"async\" class=\"img-fluid alignleft wp-image-5098 size-medium\" src=\"https:\/\/conswolfsburg.esteri.it\/wp-content\/uploads\/2026\/04\/DuoPerfetto1web-300x200.jpg\" alt=\"\" width=\"300\" height=\"200\" srcset=\"https:\/\/conswolfsburg.esteri.it\/wp-content\/uploads\/2026\/04\/DuoPerfetto1web-300x200.jpg 300w, https:\/\/conswolfsburg.esteri.it\/wp-content\/uploads\/2026\/04\/DuoPerfetto1web-1024x683.jpg 1024w, https:\/\/conswolfsburg.esteri.it\/wp-content\/uploads\/2026\/04\/DuoPerfetto1web-768x512.jpg 768w, https:\/\/conswolfsburg.esteri.it\/wp-content\/uploads\/2026\/04\/DuoPerfetto1web.jpg 1920w\" sizes=\"auto, (max-width: 300px) 100vw, 300px\" \/><\/p>\n<p>Concerto: <strong>Duo Perfetto<\/strong> &#8220;Le 12 Stagioni&#8221; &#8211; Clorinda Perfetto (pianoforte), Robert Witt (violoncello)<\/p>\n<p><strong>\u201cLe 12 Stagioni\u201d<\/strong> (Tronos Digital Italy) con le stagioni di Vivaldi, Tchaikovsky e Piazzolla sono la nuova creazione di uno spettacolo in cui il dialogo tra violoncello\/accordeon e clavicembalo\/pianoforte\/cajon descrive in musica come i popoli del\u00a0mondo festeggiano le quattro stagioni diversamente fra di loro ma condividendo la stessa volonta\u2019 di pace.<\/p>\n<p>Organizzatori: Agenzia Consolare Italiana di Wolfsburg, AMICI della Cultura italiana in Wolfsburg e.V. con il gentile sostegno della citt\u00e0 di Wolfsburg e del Gruppo Volkswagen.<\/p>\n<p>&nbsp;<\/p>\n<p>&nbsp;<\/p>\n<p><span style=\"text-decoration: underline;\"><strong>Venerd\u00ec 29\/05 \u2013 ore 19:00 \u2013 KulturKirche St. Marien, Schlo\u00dfstr. 15, 38448 Wolfsburg<\/strong><\/span><\/p>\n<p><a href=\"https:\/\/kulturkirche-wolfsburg.wir-e.de\/termine\/c761c5ee-6708-4819-885b-93781e67bf6f\" target=\"_blank\" rel=\"noopener\"><img loading=\"lazy\" decoding=\"async\" class=\"img-fluid alignleft wp-image-5014 size-medium\" src=\"https:\/\/conswolfsburg.esteri.it\/wp-content\/uploads\/2026\/03\/Lange_Italienische_Nacht290526-300x169.jpg\" alt=\"\" width=\"300\" height=\"169\" srcset=\"https:\/\/conswolfsburg.esteri.it\/wp-content\/uploads\/2026\/03\/Lange_Italienische_Nacht290526-300x169.jpg 300w, https:\/\/conswolfsburg.esteri.it\/wp-content\/uploads\/2026\/03\/Lange_Italienische_Nacht290526-1024x576.jpg 1024w, https:\/\/conswolfsburg.esteri.it\/wp-content\/uploads\/2026\/03\/Lange_Italienische_Nacht290526-768x432.jpg 768w, https:\/\/conswolfsburg.esteri.it\/wp-content\/uploads\/2026\/03\/Lange_Italienische_Nacht290526.jpg 1920w\" sizes=\"auto, (max-width: 300px) 100vw, 300px\" \/><\/a><\/p>\n<p><strong>Lunga notte italiana &#8211;\u00a0<\/strong><strong>Serata di concerti con il Duo Meringolo, il Trio Tremozioni e il DJ Matteo<\/strong><\/p>\n<p><strong>Christian Meringolo<\/strong>: come cantante, il giovane italiano padroneggia una vasta gamma di generi, dalle ballate delicate ai brani pop e rock trascinanti. La sua straordinaria interpretazione e il suo raffinato senso musicale lo rendono un artista acclamato, capace di affascinare il suo pubblico.<br \/>\n<strong>Tremozioni<\/strong>: il trio di Wolfsburg entusiasma con canzoni pop italiane in versione unplugged dal sound artigianale. Gli arrangiamenti originali di brani famosi di Nek, Gianluca Grignani, Toto Cotugno e Adriano Celentano, tra gli altri, uniscono la gioia di vivere dell\u2019anima italiana al piacere dell\u2019improvvisazione giocosa.<br \/>\n<strong>DJ Matteo<\/strong>: quando DJ Matteo mette i dischi, si balla! Il suo sound coinvolge tutti! Trasforma il <em>Paradiesgarten<\/em> in una sfrenata discoteca di una notte d\u2019estate e regala a tutti gli ascoltatori una serata indimenticabile!<\/p>\n<p><strong>Musica<\/strong>: Duo Meringolo, Trio Tremozioni (Matthias Klingebiel, Andreas Meyer e Claudio Calandra) e DJ Matteo<br \/>\n<strong>Gusto<\/strong>: vini e dolci italiani<\/p>\n<p><strong>Biglietti:<\/strong>\u00a012 \u20ac alla cassa, 10 \u20ac in prevendita disponibili presso il\u00a0<strong>Gemeindeb\u00fcro der Nordstadtgemeinde<\/strong>, Schlo\u00dfstrasse 15, 38448 Wolfsburg \u2013 Tel.: 05361-61262 o 05361-8906960<br \/>\nOrari di apertura: marted\u00ec, mercoled\u00ec, venerd\u00ec: 9.00 \u2013 12.30, gioved\u00ec: 10.00 \u2013 12.30. La prevendita \u00e8 possibile solo di persona presso l\u2019ufficio parrocchiale. Non \u00e8 possibile prenotare o riservare i biglietti per telefono.<\/p>\n<p>Organizzatori: Agenzia Consolare Italiana di Wolfsburg, KulturKirche St. Marien Wolfsburg, AMICI der Italienischen Kultur in Wolfsburg e.V. con il gentile sostegno della citt\u00e0 di Wolfsburg e del Gruppo Volkswagen.<\/p>\n<p>&nbsp;<\/p>\n<p><span style=\"text-decoration: underline;\"><strong>Sabato 30\/05 &#8211; ore 14.00-18.00 &#8211; Nel centro di Wolfsburg, Innenhof Goethestr. 32-38 \/ L\u00f6nsstra\u00dfe 12-16<\/strong><\/span><\/p>\n<p><a href=\"https:\/\/conswolfsburg.esteri.it\/wp-content\/uploads\/2026\/03\/TagDerNachbarn2026_PK_druck.pdf\" target=\"_blank\" rel=\"noopener\"><strong><img loading=\"lazy\" decoding=\"async\" class=\"img-fluid alignleft wp-image-5063 size-medium\" src=\"https:\/\/conswolfsburg.esteri.it\/wp-content\/uploads\/2026\/03\/Tag_der_guten_Nachbarschaft_1_2026-212x300.jpg\" alt=\"\" width=\"212\" height=\"300\" srcset=\"https:\/\/conswolfsburg.esteri.it\/wp-content\/uploads\/2026\/03\/Tag_der_guten_Nachbarschaft_1_2026-212x300.jpg 212w, https:\/\/conswolfsburg.esteri.it\/wp-content\/uploads\/2026\/03\/Tag_der_guten_Nachbarschaft_1_2026-724x1024.jpg 724w, https:\/\/conswolfsburg.esteri.it\/wp-content\/uploads\/2026\/03\/Tag_der_guten_Nachbarschaft_1_2026-768x1086.jpg 768w, https:\/\/conswolfsburg.esteri.it\/wp-content\/uploads\/2026\/03\/Tag_der_guten_Nachbarschaft_1_2026-scaled.jpg 1810w\" sizes=\"auto, (max-width: 212px) 100vw, 212px\" \/><\/strong><\/a><\/p>\n<p><strong>Giornata del Buon Vicinato (Tag der guten Nachbarschaft)<\/strong><\/p>\n<p>&nbsp;<\/p>\n","protected":false},"excerpt":{"rendered":"Domenica 10\/05 &#8211; ore 12.00 &#8211; Castello di Wolfsburg, Gartensaal, Schlo\u00dfstr. 8, 38448 Wolfsburg Concerto: Duo Perfetto &#8220;Le 12 Stagioni&#8221; &#8211; Clorinda Perfetto (pianoforte), Robert Witt (violoncello) \u201cLe 12 Stagioni\u201d (Tronos Digital Italy) con le stagioni di Vivaldi, Tchaikovsky e Piazzolla sono la nuova creazione di uno spettacolo in cui il dialogo tra violoncello\/accordeon e [&hellip;]","protected":false},"author":9,"featured_media":0,"parent":318,"menu_order":5,"comment_status":"closed","ping_status":"closed","template":"","meta":{"footnotes":""},"class_list":["post-4613","page","type-page","status-publish","hentry"],"_links":{"self":[{"href":"https:\/\/conswolfsburg.esteri.it\/it\/wp-json\/wp\/v2\/pages\/4613","targetHints":{"allow":["GET"]}}],"collection":[{"href":"https:\/\/conswolfsburg.esteri.it\/it\/wp-json\/wp\/v2\/pages"}],"about":[{"href":"https:\/\/conswolfsburg.esteri.it\/it\/wp-json\/wp\/v2\/types\/page"}],"author":[{"embeddable":true,"href":"https:\/\/conswolfsburg.esteri.it\/it\/wp-json\/wp\/v2\/users\/9"}],"replies":[{"embeddable":true,"href":"https:\/\/conswolfsburg.esteri.it\/it\/wp-json\/wp\/v2\/comments?post=4613"}],"version-history":[{"count":6,"href":"https:\/\/conswolfsburg.esteri.it\/it\/wp-json\/wp\/v2\/pages\/4613\/revisions"}],"predecessor-version":[{"id":5125,"href":"https:\/\/conswolfsburg.esteri.it\/it\/wp-json\/wp\/v2\/pages\/4613\/revisions\/5125"}],"up":[{"embeddable":true,"href":"https:\/\/conswolfsburg.esteri.it\/it\/wp-json\/wp\/v2\/pages\/318"}],"wp:attachment":[{"href":"https:\/\/conswolfsburg.esteri.it\/it\/wp-json\/wp\/v2\/media?parent=4613"}],"curies":[{"name":"wp","href":"https:\/\/api.w.org\/{rel}","templated":true}]}}