{"id":84,"date":"2023-04-03T19:28:33","date_gmt":"2023-04-03T17:28:33","guid":{"rendered":"https:\/\/consolatozurigo.esteri.it\/?page_id=84"},"modified":"2023-07-31T15:31:31","modified_gmt":"2023-07-31T13:31:31","slug":"emergency-travel-documents-etd","status":"publish","type":"page","link":"https:\/\/conswolfsburg.esteri.it\/it\/servizi-consolari-e-visti\/servizi-per-il-cittadino-italiano\/emergency-travel-documents-etd\/","title":{"rendered":"Emergency Travel Documents (ETD)"},"content":{"rendered":"<p>L\u2019ETD (<em>Emergency Travel Document<\/em>) \u00e8 un documento di viaggio di emergenza previsto esplicitamente dalla normativa europea (Decisione dei rappresentanti dei governi degli Stati membri del 25 giugno 1996 (96\/409\/PESC)) che viene rilasciato in caso di furto o smarrimento o comunque assenza di un documento di identit\u00e0 e di viaggio valido, unicamente per <strong>il rientro in Italia<\/strong> oppure <strong>nel luogo di regolare residenza e solo per il tempo strettamente necessario a raggiungere la destinazione.<\/strong><\/p>\n<p>L\u2019identit\u00e0 del richiedente dovr\u00e0 essere dimostrata attraverso fotocopie del documento d\u2019identit\u00e0 smarrito o rubato, o con altri documenti contenenti dati personali, foto e firma (ad es. una carta d\u2019identit\u00e0 scaduta o la patente) o, ancora, tramite dichiarazione resa da almeno 1 cittadino italiano maggiorenne munito di documento di identit\u00e0 valido. Qualora non sia possibile dimostrare l\u2019identit\u00e0 del richiedente nei modi sopra descritti, la rappresentanza consolare dovr\u00e0 richiedere conferma dei dati anagrafici al Comune italiano di residenza (cosa che pu\u00f2 allungare di molto il tempo di rilascio dell\u2019ETD).<\/p>\n<p>Nel caso di rilascio di ETD a cittadini minorenni, occorre che la richiesta venga fatta dai genitori o comunque dagli esercenti la responsabilit\u00e0 genitoriale (di persona o tramite apposita dichiarazione inviata via fax o per e-mail con copia di un documento di identit\u00e0).\u00a0 In casi specifici (ad es. minorenne in gita scolastica accompagnato da insegnanti e regolarmente iscritto sulla lista degli studenti accompagnati), la richiesta pu\u00f2 essere fatta anche da una persona diversa dai genitori (nell\u2019esempio in questione, dall\u2019insegnante).<\/p>\n<p>Di norma, l\u2019ETD viene rilasciato durante gli\u00a0<strong><a href=\"https:\/\/conswolfsburg.esteri.it\/it\/chi-siamo\/\">orari di apertura al pubblico dell&#8217;Agenzia Consolare<\/a><\/strong>. Per il rilascio del documento servono 2 foto formato tessera e 1,55 \u20ac in contanti per il costo dello stampato a valore. In casi di <span style=\"text-decoration: underline;\">assoluta e comprovata emergenza<\/span> potr\u00e0 essere rilasciato anche al di fuori degli orari di apertura, previa corresponsione dei <strong>diritti d\u2019urgenza pari a 50,00 \u20ac<\/strong>.<\/p>\n<p>Si ricorda che in alcuni casi \u00e8 possibile viaggiare anche in assenza di un documento di identit\u00e0, presentando ad esempio la denuncia del furto\u00a0o dello smarrimento del documento unitamente a una fotocopia dello stesso; inoltre, in molti casi, se dotati di fotocopia del documento e previa denuncia di furto o smarrimento presso le autorit\u00e0 di polizia locali, \u00e8 possibile richiedere alla polizia federale tedesca (<em>Bundespolizei<\/em>) il rilascio di un documento di viaggio temporaneo (<em>Notreiseausweis<\/em>).<\/p>\n","protected":false},"excerpt":{"rendered":"L\u2019ETD (Emergency Travel Document) \u00e8 un documento di viaggio di emergenza previsto esplicitamente dalla normativa europea (Decisione dei rappresentanti dei governi degli Stati membri del 25 giugno 1996 (96\/409\/PESC)) che viene rilasciato in caso di furto o smarrimento o comunque assenza di un documento di identit\u00e0 e di viaggio valido, unicamente per il rientro in [&hellip;]","protected":false},"author":1,"featured_media":0,"parent":59,"menu_order":2,"comment_status":"closed","ping_status":"closed","template":"","meta":{"footnotes":""},"class_list":["post-84","page","type-page","status-publish","hentry"],"_links":{"self":[{"href":"https:\/\/conswolfsburg.esteri.it\/it\/wp-json\/wp\/v2\/pages\/84","targetHints":{"allow":["GET"]}}],"collection":[{"href":"https:\/\/conswolfsburg.esteri.it\/it\/wp-json\/wp\/v2\/pages"}],"about":[{"href":"https:\/\/conswolfsburg.esteri.it\/it\/wp-json\/wp\/v2\/types\/page"}],"author":[{"embeddable":true,"href":"https:\/\/conswolfsburg.esteri.it\/it\/wp-json\/wp\/v2\/users\/1"}],"replies":[{"embeddable":true,"href":"https:\/\/conswolfsburg.esteri.it\/it\/wp-json\/wp\/v2\/comments?post=84"}],"version-history":[{"count":0,"href":"https:\/\/conswolfsburg.esteri.it\/it\/wp-json\/wp\/v2\/pages\/84\/revisions"}],"up":[{"embeddable":true,"href":"https:\/\/conswolfsburg.esteri.it\/it\/wp-json\/wp\/v2\/pages\/59"}],"wp:attachment":[{"href":"https:\/\/conswolfsburg.esteri.it\/it\/wp-json\/wp\/v2\/media?parent=84"}],"curies":[{"name":"wp","href":"https:\/\/api.w.org\/{rel}","templated":true}]}}